{"id":937,"date":"2023-10-13T14:50:03","date_gmt":"2023-10-13T12:50:03","guid":{"rendered":"https:\/\/www.gygv.hu\/?page_id=937"},"modified":"2025-04-29T07:35:28","modified_gmt":"2025-04-29T05:35:28","slug":"qualifications","status":"publish","type":"page","link":"https:\/\/www.gygv.hu\/en\/minositesek\/","title":{"rendered":"Qualifications"},"content":{"rendered":"<div data-elementor-type=\"wp-page\" data-elementor-id=\"937\" class=\"elementor elementor-937\" data-elementor-post-type=\"page\">\n\t\t\t\t<div class=\"elementor-element elementor-element-0d066b8 e-flex e-con-boxed e-con e-parent\" data-id=\"0d066b8\" data-element_type=\"container\" data-e-type=\"container\" data-settings=\"{&quot;background_background&quot;:&quot;classic&quot;}\">\n\t\t\t\t\t<div class=\"e-con-inner\">\n\t\t\t\t<div class=\"elementor-element elementor-element-630baea elementor-widget elementor-widget-heading\" data-id=\"630baea\" data-element_type=\"widget\" data-e-type=\"widget\" data-widget_type=\"heading.default\">\n\t\t\t\t<div class=\"elementor-widget-container\">\n\t\t\t\t\t<h1 class=\"elementor-heading-title elementor-size-default\">Qualifications<\/h1>\t\t\t\t<\/div>\n\t\t\t\t<\/div>\n\t\t\t\t\t<\/div>\n\t\t\t\t<\/div>\n\t\t<div class=\"elementor-element elementor-element-78ae2bc e-flex e-con-boxed e-con e-parent\" data-id=\"78ae2bc\" data-element_type=\"container\" data-e-type=\"container\">\n\t\t\t\t\t<div class=\"e-con-inner\">\n\t\t\t\t<div class=\"elementor-element elementor-element-7cb7053 elementor-widget elementor-widget-text-editor\" data-id=\"7cb7053\" data-element_type=\"widget\" data-e-type=\"widget\" data-widget_type=\"text-editor.default\">\n\t\t\t\t<div class=\"elementor-widget-container\">\n\t\t\t\t\t\t\t\t\t<ul>\n<li>ISO 9001:2015<\/li>\n<li>ISO 14001:2015<\/li><li>ISO 1090-2:2018<\/li>\n<li>PED certificate for the production of pressure equipment<\/li>\n<li>Welding plant certifications MSZ EN ISO 3834-2<\/li>\n<li>Official license for the production of welded structures<\/li>\n<li>8\/2018. (VIII.17.) ITM decree on the conditions for performing bulk welding<\/li>\n<li>According to government decree 216\/2019 (IX.5), it meets the requirements for the production, on-site technological installation, repair, conversion and leakage testing of tanks for storing dangerous liquids or melts<\/li>\n<li>Digitally Prepared Enterprise certification<\/li>\n<\/ul>\t\t\t\t\t\t\t\t<\/div>\n\t\t\t\t<\/div>\n\t\t\t\t<div class=\"elementor-element elementor-element-0923094 elementor-widget elementor-widget-gallery\" data-id=\"0923094\" data-element_type=\"widget\" data-e-type=\"widget\" data-settings=\"{&quot;gallery_layout&quot;:&quot;justified&quot;,&quot;ideal_row_height&quot;:{&quot;unit&quot;:&quot;px&quot;,&quot;size&quot;:300,&quot;sizes&quot;:[]},&quot;lazyload&quot;:&quot;yes&quot;,&quot;ideal_row_height_tablet&quot;:{&quot;unit&quot;:&quot;px&quot;,&quot;size&quot;:150,&quot;sizes&quot;:[]},&quot;ideal_row_height_mobile&quot;:{&quot;unit&quot;:&quot;px&quot;,&quot;size&quot;:150,&quot;sizes&quot;:[]},&quot;gap&quot;:{&quot;unit&quot;:&quot;px&quot;,&quot;size&quot;:10,&quot;sizes&quot;:[]},&quot;gap_tablet&quot;:{&quot;unit&quot;:&quot;px&quot;,&quot;size&quot;:10,&quot;sizes&quot;:[]},&quot;gap_mobile&quot;:{&quot;unit&quot;:&quot;px&quot;,&quot;size&quot;:10,&quot;sizes&quot;:[]},&quot;link_to&quot;:&quot;file&quot;,&quot;overlay_background&quot;:&quot;yes&quot;,&quot;content_hover_animation&quot;:&quot;fade-in&quot;}\" data-widget_type=\"gallery.default\">\n\t\t\t\t<div class=\"elementor-widget-container\">\n\t\t\t\t\t\t\t<div class=\"elementor-gallery__container\">\n\t\t\t\t\t\t\t<a class=\"e-gallery-item elementor-gallery-item elementor-animated-content\" href=\"https:\/\/www.gygv.hu\/files\/digitalisan_felkeszult_vall_minosites_hu.jpg\" data-elementor-open-lightbox=\"yes\" data-elementor-lightbox-slideshow=\"0923094\" data-elementor-lightbox-title=\"digitalisan_felkeszult_vall_minosites_hu\" data-e-action-hash=\"#elementor-action%3Aaction%3Dlightbox%26settings%3DeyJpZCI6OTQ3LCJ1cmwiOiJodHRwczpcL1wvd3d3Lmd5Z3YuaHVcL2ZpbGVzXC9kaWdpdGFsaXNhbl9mZWxrZXN6dWx0X3ZhbGxfbWlub3NpdGVzX2h1LmpwZyIsInNsaWRlc2hvdyI6IjA5MjMwOTQifQ%3D%3D\">\n\t\t\t\t\t<div class=\"e-gallery-image elementor-gallery-item__image\" data-thumbnail=\"https:\/\/www.gygv.hu\/files\/digitalisan_felkeszult_vall_minosites_hu.jpg\" data-width=\"609\" data-height=\"860\" aria-label=\"\" role=\"img\" ><\/div>\n\t\t\t\t\t\t\t\t\t\t\t<div class=\"elementor-gallery-item__overlay\"><\/div>\n\t\t\t\t\t\t\t\t\t\t\t\t\t\t<\/a>\n\t\t\t\t\t\t\t<a class=\"e-gallery-item elementor-gallery-item elementor-animated-content\" href=\"https:\/\/www.gygv.hu\/files\/is09001_hun.jpg\" data-elementor-open-lightbox=\"yes\" data-elementor-lightbox-slideshow=\"0923094\" data-elementor-lightbox-title=\"is09001_hun\" data-e-action-hash=\"#elementor-action%3Aaction%3Dlightbox%26settings%3DeyJpZCI6MTA4NSwidXJsIjoiaHR0cHM6XC9cL3d3dy5neWd2Lmh1XC9maWxlc1wvaXMwOTAwMV9odW4uanBnIiwic2xpZGVzaG93IjoiMDkyMzA5NCJ9\">\n\t\t\t\t\t<div class=\"e-gallery-image elementor-gallery-item__image\" data-thumbnail=\"https:\/\/www.gygv.hu\/files\/is09001_hun.jpg\" data-width=\"634\" data-height=\"919\" aria-label=\"\" role=\"img\" ><\/div>\n\t\t\t\t\t\t\t\t\t\t\t<div class=\"elementor-gallery-item__overlay\"><\/div>\n\t\t\t\t\t\t\t\t\t\t\t\t\t\t<\/a>\n\t\t\t\t\t\t\t<a class=\"e-gallery-item elementor-gallery-item elementor-animated-content\" href=\"https:\/\/www.gygv.hu\/files\/iso9001_eng.jpg\" data-elementor-open-lightbox=\"yes\" data-elementor-lightbox-slideshow=\"0923094\" data-elementor-lightbox-title=\"iso9001_eng\" data-e-action-hash=\"#elementor-action%3Aaction%3Dlightbox%26settings%3DeyJpZCI6MTA4NiwidXJsIjoiaHR0cHM6XC9cL3d3dy5neWd2Lmh1XC9maWxlc1wvaXNvOTAwMV9lbmcuanBnIiwic2xpZGVzaG93IjoiMDkyMzA5NCJ9\">\n\t\t\t\t\t<div class=\"e-gallery-image elementor-gallery-item__image\" data-thumbnail=\"https:\/\/www.gygv.hu\/files\/iso9001_eng.jpg\" data-width=\"583\" data-height=\"835\" aria-label=\"\" role=\"img\" ><\/div>\n\t\t\t\t\t\t\t\t\t\t\t<div class=\"elementor-gallery-item__overlay\"><\/div>\n\t\t\t\t\t\t\t\t\t\t\t\t\t\t<\/a>\n\t\t\t\t\t\t\t<a class=\"e-gallery-item elementor-gallery-item elementor-animated-content\" href=\"https:\/\/www.gygv.hu\/files\/iso14001_eng.jpg\" data-elementor-open-lightbox=\"yes\" data-elementor-lightbox-slideshow=\"0923094\" data-elementor-lightbox-title=\"iso14001_eng\" data-e-action-hash=\"#elementor-action%3Aaction%3Dlightbox%26settings%3DeyJpZCI6MTA4NywidXJsIjoiaHR0cHM6XC9cL3d3dy5neWd2Lmh1XC9maWxlc1wvaXNvMTQwMDFfZW5nLmpwZyIsInNsaWRlc2hvdyI6IjA5MjMwOTQifQ%3D%3D\">\n\t\t\t\t\t<div class=\"e-gallery-image elementor-gallery-item__image\" data-thumbnail=\"https:\/\/www.gygv.hu\/files\/iso14001_eng.jpg\" data-width=\"587\" data-height=\"835\" aria-label=\"\" role=\"img\" ><\/div>\n\t\t\t\t\t\t\t\t\t\t\t<div class=\"elementor-gallery-item__overlay\"><\/div>\n\t\t\t\t\t\t\t\t\t\t\t\t\t\t<\/a>\n\t\t\t\t\t\t\t<a class=\"e-gallery-item elementor-gallery-item elementor-animated-content\" href=\"https:\/\/www.gygv.hu\/files\/ISO14001_hun.jpg\" data-elementor-open-lightbox=\"yes\" data-elementor-lightbox-slideshow=\"0923094\" data-elementor-lightbox-title=\"ISO14001_hun\" data-e-action-hash=\"#elementor-action%3Aaction%3Dlightbox%26settings%3DeyJpZCI6MTA4OCwidXJsIjoiaHR0cHM6XC9cL3d3dy5neWd2Lmh1XC9maWxlc1wvSVNPMTQwMDFfaHVuLmpwZyIsInNsaWRlc2hvdyI6IjA5MjMwOTQifQ%3D%3D\">\n\t\t\t\t\t<div class=\"e-gallery-image elementor-gallery-item__image\" data-thumbnail=\"https:\/\/www.gygv.hu\/files\/ISO14001_hun.jpg\" data-width=\"589\" data-height=\"827\" aria-label=\"\" role=\"img\" ><\/div>\n\t\t\t\t\t\t\t\t\t\t\t<div class=\"elementor-gallery-item__overlay\"><\/div>\n\t\t\t\t\t\t\t\t\t\t\t\t\t\t<\/a>\n\t\t\t\t\t\t\t<a class=\"e-gallery-item elementor-gallery-item elementor-animated-content\" href=\"https:\/\/www.gygv.hu\/files\/UGYE-tanusitvany-GYGV-KANIZSA.-2024-GB.jpg\" data-elementor-open-lightbox=\"yes\" data-elementor-lightbox-slideshow=\"0923094\" data-elementor-lightbox-title=\"\u00dcGYE tan\u00fas\u00edtv\u00e1ny GYGV KANIZSA. 2024 GB\" data-e-action-hash=\"#elementor-action%3Aaction%3Dlightbox%26settings%3DeyJpZCI6MTE3NCwidXJsIjoiaHR0cHM6XC9cL3d3dy5neWd2Lmh1XC9maWxlc1wvVUdZRS10YW51c2l0dmFueS1HWUdWLUtBTklaU0EuLTIwMjQtR0IuanBnIiwic2xpZGVzaG93IjoiMDkyMzA5NCJ9\">\n\t\t\t\t\t<div class=\"e-gallery-image elementor-gallery-item__image\" data-thumbnail=\"https:\/\/www.gygv.hu\/files\/UGYE-tanusitvany-GYGV-KANIZSA.-2024-GB.jpg\" data-width=\"668\" data-height=\"936\" aria-label=\"\" role=\"img\" ><\/div>\n\t\t\t\t\t\t\t\t\t\t\t<div class=\"elementor-gallery-item__overlay\"><\/div>\n\t\t\t\t\t\t\t\t\t\t\t\t\t\t<\/a>\n\t\t\t\t\t\t\t<a class=\"e-gallery-item elementor-gallery-item elementor-animated-content\" href=\"https:\/\/www.gygv.hu\/files\/Hegesztouzemi-tanusitvany-GYGV-KANIZSA.-2024-GB.jpg\" data-elementor-open-lightbox=\"yes\" data-elementor-lightbox-slideshow=\"0923094\" data-elementor-lightbox-title=\"Hegeszt\u0151\u00fczemi tan\u00fas\u00edtv\u00e1ny GYGV KANIZSA. 2024 GB\" data-e-action-hash=\"#elementor-action%3Aaction%3Dlightbox%26settings%3DeyJpZCI6MTE3NSwidXJsIjoiaHR0cHM6XC9cL3d3dy5neWd2Lmh1XC9maWxlc1wvSGVnZXN6dG91emVtaS10YW51c2l0dmFueS1HWUdWLUtBTklaU0EuLTIwMjQtR0IuanBnIiwic2xpZGVzaG93IjoiMDkyMzA5NCJ9\">\n\t\t\t\t\t<div class=\"e-gallery-image elementor-gallery-item__image\" data-thumbnail=\"https:\/\/www.gygv.hu\/files\/Hegesztouzemi-tanusitvany-GYGV-KANIZSA.-2024-GB.jpg\" data-width=\"663\" data-height=\"941\" aria-label=\"\" role=\"img\" ><\/div>\n\t\t\t\t\t\t\t\t\t\t\t<div class=\"elementor-gallery-item__overlay\"><\/div>\n\t\t\t\t\t\t\t\t\t\t\t\t\t\t<\/a>\n\t\t\t\t\t\t\t<a class=\"e-gallery-item elementor-gallery-item elementor-animated-content\" href=\"https:\/\/www.gygv.hu\/files\/UGYE-tanusitvany-GYGV-KANIZSA-2024-HU.jpg\" data-elementor-open-lightbox=\"yes\" data-elementor-lightbox-slideshow=\"0923094\" data-elementor-lightbox-title=\"\u00dcGYE tan\u00fas\u00edtv\u00e1ny GYGV KANIZSA 2024 HU\" data-e-action-hash=\"#elementor-action%3Aaction%3Dlightbox%26settings%3DeyJpZCI6MTE3NiwidXJsIjoiaHR0cHM6XC9cL3d3dy5neWd2Lmh1XC9maWxlc1wvVUdZRS10YW51c2l0dmFueS1HWUdWLUtBTklaU0EtMjAyNC1IVS5qcGciLCJzbGlkZXNob3ciOiIwOTIzMDk0In0%3D\">\n\t\t\t\t\t<div class=\"e-gallery-image elementor-gallery-item__image\" data-thumbnail=\"https:\/\/www.gygv.hu\/files\/UGYE-tanusitvany-GYGV-KANIZSA-2024-HU.jpg\" data-width=\"656\" data-height=\"940\" aria-label=\"\" role=\"img\" ><\/div>\n\t\t\t\t\t\t\t\t\t\t\t<div class=\"elementor-gallery-item__overlay\"><\/div>\n\t\t\t\t\t\t\t\t\t\t\t\t\t\t<\/a>\n\t\t\t\t\t\t\t<a class=\"e-gallery-item elementor-gallery-item elementor-animated-content\" href=\"https:\/\/www.gygv.hu\/files\/Hegesztouzemi-tanusitvany-GYGV-KANIZSA-Kft.-2024-HU.jpg\" data-elementor-open-lightbox=\"yes\" data-elementor-lightbox-slideshow=\"0923094\" data-elementor-lightbox-title=\"Hegeszt\u0151\u00fczemi tan\u00fas\u00edtv\u00e1ny GYGV KANIZSA Kft. 2024 HU\" data-e-action-hash=\"#elementor-action%3Aaction%3Dlightbox%26settings%3DeyJpZCI6MTE3NywidXJsIjoiaHR0cHM6XC9cL3d3dy5neWd2Lmh1XC9maWxlc1wvSGVnZXN6dG91emVtaS10YW51c2l0dmFueS1HWUdWLUtBTklaU0EtS2Z0Li0yMDI0LUhVLmpwZyIsInNsaWRlc2hvdyI6IjA5MjMwOTQifQ%3D%3D\">\n\t\t\t\t\t<div class=\"e-gallery-image elementor-gallery-item__image\" data-thumbnail=\"https:\/\/www.gygv.hu\/files\/Hegesztouzemi-tanusitvany-GYGV-KANIZSA-Kft.-2024-HU.jpg\" data-width=\"657\" data-height=\"928\" aria-label=\"\" role=\"img\" ><\/div>\n\t\t\t\t\t\t\t\t\t\t\t<div class=\"elementor-gallery-item__overlay\"><\/div>\n\t\t\t\t\t\t\t\t\t\t\t\t\t\t<\/a>\n\t\t\t\t\t\t\t<a class=\"e-gallery-item elementor-gallery-item elementor-animated-content\" href=\"https:\/\/www.gygv.hu\/files\/Kepernyokep-2025-04-22-143109.jpg\" data-elementor-open-lightbox=\"yes\" data-elementor-lightbox-slideshow=\"0923094\" data-elementor-lightbox-title=\"K\u00e9perny\u0151k\u00e9p 2025-04-22 143109\" data-e-action-hash=\"#elementor-action%3Aaction%3Dlightbox%26settings%3DeyJpZCI6MTIwMCwidXJsIjoiaHR0cHM6XC9cL3d3dy5neWd2Lmh1XC9maWxlc1wvS2VwZXJueW9rZXAtMjAyNS0wNC0yMi0xNDMxMDkuanBnIiwic2xpZGVzaG93IjoiMDkyMzA5NCJ9\">\n\t\t\t\t\t<div class=\"e-gallery-image elementor-gallery-item__image\" data-thumbnail=\"https:\/\/www.gygv.hu\/files\/Kepernyokep-2025-04-22-143109.jpg\" data-width=\"657\" data-height=\"928\" aria-label=\"\" role=\"img\" ><\/div>\n\t\t\t\t\t\t\t\t\t\t\t<div class=\"elementor-gallery-item__overlay\"><\/div>\n\t\t\t\t\t\t\t\t\t\t\t\t\t\t<\/a>\n\t\t\t\t\t\t\t<a class=\"e-gallery-item elementor-gallery-item elementor-animated-content\" href=\"https:\/\/www.gygv.hu\/files\/Kepernyokep-2025-04-29-072731.jpg\" data-elementor-open-lightbox=\"yes\" data-elementor-lightbox-slideshow=\"0923094\" data-elementor-lightbox-title=\"K\u00e9perny\u0151k\u00e9p 2025-04-29 072731\" data-e-action-hash=\"#elementor-action%3Aaction%3Dlightbox%26settings%3DeyJpZCI6MTIwNSwidXJsIjoiaHR0cHM6XC9cL3d3dy5neWd2Lmh1XC9maWxlc1wvS2VwZXJueW9rZXAtMjAyNS0wNC0yOS0wNzI3MzEuanBnIiwic2xpZGVzaG93IjoiMDkyMzA5NCJ9\">\n\t\t\t\t\t<div class=\"e-gallery-image elementor-gallery-item__image\" data-thumbnail=\"https:\/\/www.gygv.hu\/files\/Kepernyokep-2025-04-29-072731.jpg\" data-width=\"564\" data-height=\"851\" aria-label=\"\" role=\"img\" ><\/div>\n\t\t\t\t\t\t\t\t\t\t\t<div class=\"elementor-gallery-item__overlay\"><\/div>\n\t\t\t\t\t\t\t\t\t\t\t\t\t\t<\/a>\n\t\t\t\t\t<\/div>\n\t\t\t\t\t<\/div>\n\t\t\t\t<\/div>\n\t\t\t\t\t<\/div>\n\t\t\t\t<\/div>\n\t\t\t\t<\/div>","protected":false},"excerpt":{"rendered":"<p>Min\u0151s\u00edt\u00e9sek ISO 9001:2015 ISO 14001:2015 ISO 1090-2:2018 PED tan\u00fas\u00edtv\u00e1ny nyom\u00e1start\u00f3 berendez\u00e9sek gy\u00e1rt\u00e1s\u00e1ra Hegeszt\u0151 \u00fczem min\u0151s\u00edt\u00e9sek MSZ EN ISO 3834-2 Hat\u00f3s\u00e1gi enged\u00e9ly hegesztett szerkezetek gy\u00e1rt\u00e1s\u00e1ra vonatkoz\u00f3an 8\/2018. (VIII.17.) ITM rendelet az \u00f6mleszt\u0151hegeszt\u00e9s v\u00e9gz\u00e9s\u00e9nek felt\u00e9teleir\u0151l 216\/2019 (IX.5) korm\u00e1ny rendelet szerinti vesz\u00e9lyes folyad\u00e9kok vagy olvad\u00e9kok t\u00e1rol\u00e1s\u00e1ra szolg\u00e1l\u00f3 tart\u00e1lyok gy\u00e1rt\u00e1sa, helysz\u00edni technol\u00f3giai szerel\u00e9se, jav\u00edt\u00e1sa, \u00e1talak\u00edt\u00e1sa \u00e9s sziv\u00e1rg\u00e1svizsg\u00e1lat\u00e1ra val\u00f3 k\u00f6vetelm\u00e9nyeknek &#8230; <a title=\"Qualifications\" class=\"read-more\" href=\"https:\/\/www.gygv.hu\/en\/minositesek\/\" aria-label=\"Read more about Min\u0151s\u00edt\u00e9sek\">Read more<\/a><\/p>","protected":false},"author":3,"featured_media":0,"parent":0,"menu_order":0,"comment_status":"closed","ping_status":"closed","template":"elementor_header_footer","meta":{"footnotes":""},"class_list":["post-937","page","type-page","status-publish"],"_links":{"self":[{"href":"https:\/\/www.gygv.hu\/en\/wp-json\/wp\/v2\/pages\/937","targetHints":{"allow":["GET"]}}],"collection":[{"href":"https:\/\/www.gygv.hu\/en\/wp-json\/wp\/v2\/pages"}],"about":[{"href":"https:\/\/www.gygv.hu\/en\/wp-json\/wp\/v2\/types\/page"}],"author":[{"embeddable":true,"href":"https:\/\/www.gygv.hu\/en\/wp-json\/wp\/v2\/users\/3"}],"replies":[{"embeddable":true,"href":"https:\/\/www.gygv.hu\/en\/wp-json\/wp\/v2\/comments?post=937"}],"version-history":[{"count":0,"href":"https:\/\/www.gygv.hu\/en\/wp-json\/wp\/v2\/pages\/937\/revisions"}],"wp:attachment":[{"href":"https:\/\/www.gygv.hu\/en\/wp-json\/wp\/v2\/media?parent=937"}],"curies":[{"name":"wp","href":"https:\/\/api.w.org\/{rel}","templated":true}]}}