{"id":92,"date":"2016-08-10T13:41:20","date_gmt":"2016-08-10T13:41:20","guid":{"rendered":"http:\/\/teszt.gygv.hu\/minositesek\/?lang=de"},"modified":"2022-02-01T12:48:08","modified_gmt":"2022-02-01T12:48:08","slug":"bewertungen","status":"publish","type":"page","link":"https:\/\/www.gygv.hu\/en\/bewertungen\/","title":{"rendered":"Bewertungen"},"content":{"rendered":"<ul>\n<li>ISO 9001:2015<\/li>\n<li>PED G modul<\/li>\n<li>MSZ EN ISO 3834-2<\/li>\n<li>Official welding license<\/li>\n<\/ul>\n<p>[nggallery id=77]<\/p>\n","protected":false},"excerpt":{"rendered":"<p>ISO 9001:2008, MSZ EN ISO 3834-2, Hat\u00f3s\u00e1gi enged\u00e9ly<\/p>","protected":false},"author":3,"featured_media":0,"parent":0,"menu_order":13,"comment_status":"closed","ping_status":"closed","template":"","meta":{"footnotes":""},"class_list":["post-92","page","type-page","status-publish"],"_links":{"self":[{"href":"https:\/\/www.gygv.hu\/en\/wp-json\/wp\/v2\/pages\/92","targetHints":{"allow":["GET"]}}],"collection":[{"href":"https:\/\/www.gygv.hu\/en\/wp-json\/wp\/v2\/pages"}],"about":[{"href":"https:\/\/www.gygv.hu\/en\/wp-json\/wp\/v2\/types\/page"}],"author":[{"embeddable":true,"href":"https:\/\/www.gygv.hu\/en\/wp-json\/wp\/v2\/users\/3"}],"replies":[{"embeddable":true,"href":"https:\/\/www.gygv.hu\/en\/wp-json\/wp\/v2\/comments?post=92"}],"version-history":[{"count":0,"href":"https:\/\/www.gygv.hu\/en\/wp-json\/wp\/v2\/pages\/92\/revisions"}],"wp:attachment":[{"href":"https:\/\/www.gygv.hu\/en\/wp-json\/wp\/v2\/media?parent=92"}],"curies":[{"name":"wp","href":"https:\/\/api.w.org\/{rel}","templated":true}]}}