{"id":913,"date":"2023-10-13T14:33:05","date_gmt":"2023-10-13T12:33:05","guid":{"rendered":"https:\/\/www.gygv.hu\/?page_id=913"},"modified":"2023-11-16T14:02:54","modified_gmt":"2023-11-16T13:02:54","slug":"technology","status":"publish","type":"page","link":"https:\/\/www.gygv.hu\/en\/technologia\/","title":{"rendered":"Technology"},"content":{"rendered":"<div data-elementor-type=\"wp-page\" data-elementor-id=\"913\" class=\"elementor elementor-913\" data-elementor-post-type=\"page\">\n\t\t\t\t<div class=\"elementor-element elementor-element-393c537 e-flex e-con-boxed e-con e-parent\" data-id=\"393c537\" data-element_type=\"container\" data-e-type=\"container\" data-settings=\"{&quot;background_background&quot;:&quot;classic&quot;}\">\n\t\t\t\t\t<div class=\"e-con-inner\">\n\t\t\t\t<div class=\"elementor-element elementor-element-32cbfc8 elementor-widget elementor-widget-heading\" data-id=\"32cbfc8\" data-element_type=\"widget\" data-e-type=\"widget\" data-widget_type=\"heading.default\">\n\t\t\t\t<div class=\"elementor-widget-container\">\n\t\t\t\t\t<h1 class=\"elementor-heading-title elementor-size-default\">Technology<\/h1>\t\t\t\t<\/div>\n\t\t\t\t<\/div>\n\t\t\t\t\t<\/div>\n\t\t\t\t<\/div>\n\t\t<div class=\"elementor-element elementor-element-4c017c0 e-flex e-con-boxed e-con e-parent\" data-id=\"4c017c0\" data-element_type=\"container\" data-e-type=\"container\">\n\t\t\t\t\t<div class=\"e-con-inner\">\n\t\t<div class=\"elementor-element elementor-element-d3b26d8 e-con-full e-flex e-con e-child\" data-id=\"d3b26d8\" data-element_type=\"container\" data-e-type=\"container\">\n\t\t\t\t<div class=\"elementor-element elementor-element-35e0aa1 elementor-position-left elementor-vertical-align-top elementor-widget elementor-widget-image-box\" data-id=\"35e0aa1\" data-element_type=\"widget\" data-e-type=\"widget\" data-widget_type=\"image-box.default\">\n\t\t\t\t<div class=\"elementor-widget-container\">\n\t\t\t\t\t<div class=\"elementor-image-box-wrapper\"><figure class=\"elementor-image-box-img\"><img decoding=\"async\" src=\"https:\/\/www.gygv.hu\/files\/elementor\/thumbs\/csomegmunkalas_1-qedj3kinqmjq4y34q7a0k9aplvako0pi5dar18o9qw.jpg\" title=\"cs\u0151megmunkalas_1\" alt=\"cs\u0151megmunkalas_1\" loading=\"lazy\" \/><\/figure><div class=\"elementor-image-box-content\"><h4 class=\"elementor-image-box-title\">Pipe processing<\/h4><p class=\"elementor-image-box-description\">Tube bending d25; dd33.7; d424.4; d48.3<br>\nPipe collaring 21.3 - 114.3 mm<br>\nCNC 3D Plasma cutting up to dn500<br>\nOrbital tube cutting 19 - 323.9mm<\/p><\/div><\/div>\t\t\t\t<\/div>\n\t\t\t\t<\/div>\n\t\t\t\t<div class=\"elementor-element elementor-element-8be3e59 elementor-position-left elementor-vertical-align-top elementor-widget elementor-widget-image-box\" data-id=\"8be3e59\" data-element_type=\"widget\" data-e-type=\"widget\" data-widget_type=\"image-box.default\">\n\t\t\t\t<div class=\"elementor-widget-container\">\n\t\t\t\t\t<div class=\"elementor-image-box-wrapper\"><figure class=\"elementor-image-box-img\"><img decoding=\"async\" src=\"https:\/\/www.gygv.hu\/files\/elementor\/thumbs\/lemez-hengerites_1-qedj3uuvtsxvono41tqwtoos53vm0oujush3ba8xug.jpg\" title=\"lemez hengerites_1\" alt=\"lemez hengerites_1\" loading=\"lazy\" \/><\/figure><div class=\"elementor-image-box-content\"><h4 class=\"elementor-image-box-title\">Plate processing<\/h4><p class=\"elementor-image-box-description\">CNC edge bending up to 3000mm ((160 t)<br>\nCNC plate cutting up to 3000 mm<br>\nPlate rolling up to 2 mm thickness<br>\nCNC plasma cutting up to 40 mm thickness<\/p><\/div><\/div>\t\t\t\t<\/div>\n\t\t\t\t<\/div>\n\t\t\t\t<div class=\"elementor-element elementor-element-a936c22 elementor-position-left elementor-vertical-align-top elementor-widget elementor-widget-image-box\" data-id=\"a936c22\" data-element_type=\"widget\" data-e-type=\"widget\" data-widget_type=\"image-box.default\">\n\t\t\t\t<div class=\"elementor-widget-container\">\n\t\t\t\t\t<div class=\"elementor-image-box-wrapper\"><figure class=\"elementor-image-box-img\"><img decoding=\"async\" src=\"https:\/\/www.gygv.hu\/files\/elementor\/thumbs\/hegesztes_1-qedj43bfjb9gl5btofejy4jxhkpwxys4vycgmrweag.jpg\" title=\"hegeszt\u00e9s_1\" alt=\"hegeszt\u00e9s_1\" loading=\"lazy\" \/><\/figure><div class=\"elementor-image-box-content\"><h4 class=\"elementor-image-box-title\">Welding<\/h4><p class=\"elementor-image-box-description\">Robotic welding AWI 300A AC\/DC<br>\nOrbital welding (3 machines) 12- 169mm<br>\nWelding: AWI, MIG\/MAG; point welding<\/p><\/div><\/div>\t\t\t\t<\/div>\n\t\t\t\t<\/div>\n\t\t\t\t<div class=\"elementor-element elementor-element-9fa7a6c elementor-position-left elementor-vertical-align-top elementor-widget elementor-widget-image-box\" data-id=\"9fa7a6c\" data-element_type=\"widget\" data-e-type=\"widget\" data-widget_type=\"image-box.default\">\n\t\t\t\t<div class=\"elementor-widget-container\">\n\t\t\t\t\t<div class=\"elementor-image-box-wrapper\"><figure class=\"elementor-image-box-img\"><img decoding=\"async\" src=\"https:\/\/www.gygv.hu\/files\/elementor\/thumbs\/feluletkezeles-qedj3ym8l530z3infvdf3nqmind2vh9h7b318e3d5k.jpg\" title=\"fel\u00fcletkezel\u00e9s\" alt=\"fel\u00fcletkezel\u00e9s\" loading=\"lazy\" \/><\/figure><div class=\"elementor-image-box-content\"><h4 class=\"elementor-image-box-title\">Surface treatment<\/h4><p class=\"elementor-image-box-description\">Bead blasting<br>\nElectropolishing<br>\nPickling<br>\nPassivation<br>\nGrinding<\/p><\/div><\/div>\t\t\t\t<\/div>\n\t\t\t\t<\/div>\n\t\t\t\t<div class=\"elementor-element elementor-element-5048290 elementor-position-left elementor-vertical-align-top elementor-widget elementor-widget-image-box\" data-id=\"5048290\" data-element_type=\"widget\" data-e-type=\"widget\" data-widget_type=\"image-box.default\">\n\t\t\t\t<div class=\"elementor-widget-container\">\n\t\t\t\t\t<div class=\"elementor-image-box-wrapper\"><figure class=\"elementor-image-box-img\"><img fetchpriority=\"high\" decoding=\"async\" width=\"600\" height=\"450\" src=\"https:\/\/www.gygv.hu\/files\/esztergalas_1.jpg\" class=\"attachment-full size-full wp-image-1065\" alt=\"\" srcset=\"https:\/\/www.gygv.hu\/files\/esztergalas_1.jpg 600w, https:\/\/www.gygv.hu\/files\/esztergalas_1-300x225.jpg 300w, https:\/\/www.gygv.hu\/files\/esztergalas_1-16x12.jpg 16w\" sizes=\"(max-width: 600px) 100vw, 600px\" \/><\/figure><div class=\"elementor-image-box-content\"><h4 class=\"elementor-image-box-title\">Lathe and milling<\/h4><p class=\"elementor-image-box-description\">CNC lathe D=400 mm; L=700 mm (2 machines)<br>\nCNC 3 axis milling<br>\nCNC 3 axis miling<br> X(700) Z(300)<\/p><\/div><\/div>\t\t\t\t<\/div>\n\t\t\t\t<\/div>\n\t\t\t\t<div class=\"elementor-element elementor-element-6ee4caa elementor-position-left elementor-vertical-align-top elementor-widget elementor-widget-image-box\" data-id=\"6ee4caa\" data-element_type=\"widget\" data-e-type=\"widget\" data-widget_type=\"image-box.default\">\n\t\t\t\t<div class=\"elementor-widget-container\">\n\t\t\t\t\t<div class=\"elementor-image-box-wrapper\"><figure class=\"elementor-image-box-img\"><img decoding=\"async\" src=\"https:\/\/www.gygv.hu\/files\/elementor\/thumbs\/meres_1-qedj3q5ovmrg2luxt9prz7vh66iry7bw657nwwfwpk.jpg\" title=\"m\u00e9r\u00e9s_1\" alt=\"m\u00e9r\u00e9s_1\" loading=\"lazy\" \/><\/figure><div class=\"elementor-image-box-content\"><h4 class=\"elementor-image-box-title\">Measurement, control<\/h4><p class=\"elementor-image-box-description\">Tube endoscope<br>\nSurface rougness measurement<br>\nDot peen marking<\/p><\/div><\/div>\t\t\t\t<\/div>\n\t\t\t\t<\/div>\n\t\t\t\t<div class=\"elementor-element elementor-element-6aba4bd elementor-position-left elementor-vertical-align-top elementor-widget elementor-widget-image-box\" data-id=\"6aba4bd\" data-element_type=\"widget\" data-e-type=\"widget\" data-widget_type=\"image-box.default\">\n\t\t\t\t<div class=\"elementor-widget-container\">\n\t\t\t\t\t<div class=\"elementor-image-box-wrapper\"><figure class=\"elementor-image-box-img\"><img decoding=\"async\" width=\"1024\" height=\"346\" src=\"https:\/\/www.gygv.hu\/files\/solid_edge.png\" class=\"attachment-full size-full wp-image-1063\" alt=\"\" srcset=\"https:\/\/www.gygv.hu\/files\/solid_edge.png 1024w, https:\/\/www.gygv.hu\/files\/solid_edge-300x101.png 300w, https:\/\/www.gygv.hu\/files\/solid_edge-768x260.png 768w, https:\/\/www.gygv.hu\/files\/solid_edge-18x6.png 18w\" sizes=\"(max-width: 1024px) 100vw, 1024px\" \/><\/figure><div class=\"elementor-image-box-content\"><h4 class=\"elementor-image-box-title\">Planning, production scheduling<\/h4><p class=\"elementor-image-box-description\">Solid Edge design software<br>\nTruMes integrated ERP<\/p><\/div><\/div>\t\t\t\t<\/div>\n\t\t\t\t<\/div>\n\t\t\t\t<\/div>\n\t\t<div class=\"elementor-element elementor-element-5da0fa9 e-con-full e-flex e-con e-child\" data-id=\"5da0fa9\" data-element_type=\"container\" data-e-type=\"container\">\n\t\t\t\t<div class=\"elementor-element elementor-element-6a96d0d elementor-widget elementor-widget-heading\" data-id=\"6a96d0d\" data-element_type=\"widget\" data-e-type=\"widget\" data-widget_type=\"heading.default\">\n\t\t\t\t<div class=\"elementor-widget-container\">\n\t\t\t\t\t<h3 class=\"elementor-heading-title elementor-size-default\">Our latest news<\/h3>\t\t\t\t<\/div>\n\t\t\t\t<\/div>\n\t\t\t\t<div class=\"elementor-element elementor-element-7028494 elementor-grid-1 elementor-posts--thumbnail-left elementor-grid-tablet-2 elementor-grid-mobile-1 elementor-widget elementor-widget-posts\" data-id=\"7028494\" data-element_type=\"widget\" data-e-type=\"widget\" data-settings=\"{&quot;classic_columns&quot;:&quot;1&quot;,&quot;classic_columns_tablet&quot;:&quot;2&quot;,&quot;classic_columns_mobile&quot;:&quot;1&quot;,&quot;classic_row_gap&quot;:{&quot;unit&quot;:&quot;px&quot;,&quot;size&quot;:35,&quot;sizes&quot;:[]},&quot;classic_row_gap_tablet&quot;:{&quot;unit&quot;:&quot;px&quot;,&quot;size&quot;:&quot;&quot;,&quot;sizes&quot;:[]},&quot;classic_row_gap_mobile&quot;:{&quot;unit&quot;:&quot;px&quot;,&quot;size&quot;:&quot;&quot;,&quot;sizes&quot;:[]}}\" data-no-translation=\"\" data-widget_type=\"posts.classic\">\n\t\t\t\t<div class=\"elementor-widget-container\">\n\t\t\t\t\t<style>.elementor-element-7028494{display:none !important}<\/style>\t\t\t\t<\/div>\n\t\t\t\t<\/div>\n\t\t\t\t<div class=\"elementor-element elementor-element-0a36637 elementor-grid-1 elementor-posts--thumbnail-left elementor-grid-tablet-2 elementor-grid-mobile-1 elementor-widget elementor-widget-posts\" data-id=\"0a36637\" data-element_type=\"widget\" data-e-type=\"widget\" data-settings=\"{&quot;classic_columns&quot;:&quot;1&quot;,&quot;classic_columns_tablet&quot;:&quot;2&quot;,&quot;classic_columns_mobile&quot;:&quot;1&quot;,&quot;classic_row_gap&quot;:{&quot;unit&quot;:&quot;px&quot;,&quot;size&quot;:35,&quot;sizes&quot;:[]},&quot;classic_row_gap_tablet&quot;:{&quot;unit&quot;:&quot;px&quot;,&quot;size&quot;:&quot;&quot;,&quot;sizes&quot;:[]},&quot;classic_row_gap_mobile&quot;:{&quot;unit&quot;:&quot;px&quot;,&quot;size&quot;:&quot;&quot;,&quot;sizes&quot;:[]}}\" data-no-translation=\"\" data-widget_type=\"posts.classic\">\n\t\t\t\t<div class=\"elementor-widget-container\">\n\t\t\t\t\t\t\t<div class=\"elementor-posts-container elementor-posts elementor-posts--skin-classic elementor-grid\" role=\"list\">\n\t\t\t\t<article class=\"elementor-post elementor-grid-item post-1255 post type-post status-publish format-standard has-post-thumbnail hentry category-chemical-industry category-english category-food-industry category-machine-manufacturing category-pharmaceutical-industry category-technology\" role=\"listitem\">\n\t\t\t\t<a class=\"elementor-post__thumbnail__link\" href=\"https:\/\/www.gygv.hu\/en\/stainless-steel-manifold-production-with-neck-forming-precise-and-seamless-solutions-at-gygv-kanizsarozsdamentes-manifoldok-gyartasa-nyakkihuzassal-preciz-es-anyagfolytonos-megolda\/\" tabindex=\"-1\" >\n\t\t\t<div class=\"elementor-post__thumbnail\"><img decoding=\"async\" width=\"300\" height=\"225\" src=\"https:\/\/www.gygv.hu\/files\/colaring3-300x225.jpg\" class=\"attachment-medium size-medium wp-image-340\" alt=\"\" srcset=\"https:\/\/www.gygv.hu\/files\/colaring3-300x225.jpg 300w, https:\/\/www.gygv.hu\/files\/colaring3-768x576.jpg 768w, https:\/\/www.gygv.hu\/files\/colaring3.jpg 960w\" sizes=\"(max-width: 300px) 100vw, 300px\" \/><\/div>\n\t\t<\/a>\n\t\t\t\t<div class=\"elementor-post__text\">\n\t\t\t\t<h3 class=\"elementor-post__title\">\n\t\t\t<a href=\"https:\/\/www.gygv.hu\/en\/stainless-steel-manifold-production-with-neck-forming-precise-and-seamless-solutions-at-gygv-kanizsarozsdamentes-manifoldok-gyartasa-nyakkihuzassal-preciz-es-anyagfolytonos-megolda\/\" >\n\t\t\t\tStainless Steel Manifold Production with Neck Forming \u2013 Precise and Seamless Solutions at GYGV Kanizsa\t\t\t<\/a>\n\t\t<\/h3>\n\t\t\t\t\t<div class=\"elementor-post__read-more-wrapper\">\n\t\t\n\t\t<a class=\"elementor-post__read-more\" href=\"https:\/\/www.gygv.hu\/en\/stainless-steel-manifold-production-with-neck-forming-precise-and-seamless-solutions-at-gygv-kanizsarozsdamentes-manifoldok-gyartasa-nyakkihuzassal-preciz-es-anyagfolytonos-megolda\/\" aria-label=\"Read more about Stainless Steel Manifold Production with Neck Forming \u2013 Precise and Seamless Solutions at GYGV Kanizsa\" tabindex=\"-1\" >\n\t\t\t\u00c9rdekel \u00bb\t\t<\/a>\n\n\t\t\t\t\t<\/div>\n\t\t\t\t<\/div>\n\t\t\t\t<\/article>\n\t\t\t\t<article class=\"elementor-post elementor-grid-item post-1244 post type-post status-publish format-standard has-post-thumbnail hentry category-chemical-industry category-english category-food-industry category-machine-manufacturing category-pharmaceutical-industry category-technology\" role=\"listitem\">\n\t\t\t\t<a class=\"elementor-post__thumbnail__link\" href=\"https:\/\/www.gygv.hu\/en\/pressure-reducing-valve\/\" tabindex=\"-1\" >\n\t\t\t<div class=\"elementor-post__thumbnail\"><img loading=\"lazy\" decoding=\"async\" width=\"225\" height=\"300\" src=\"https:\/\/www.gygv.hu\/files\/szelep-01-225x300.jpg\" class=\"attachment-medium size-medium wp-image-997\" alt=\"\" srcset=\"https:\/\/www.gygv.hu\/files\/szelep-01-225x300.jpg 225w, https:\/\/www.gygv.hu\/files\/szelep-01-9x12.jpg 9w, https:\/\/www.gygv.hu\/files\/szelep-01.jpg 450w\" sizes=\"(max-width: 225px) 100vw, 225px\" \/><\/div>\n\t\t<\/a>\n\t\t\t\t<div class=\"elementor-post__text\">\n\t\t\t\t<h3 class=\"elementor-post__title\">\n\t\t\t<a href=\"https:\/\/www.gygv.hu\/en\/pressure-reducing-valve\/\" >\n\t\t\t\tStainless Steel Pressure Reducing Valve by GYGV \u2013 Reliability and Durability Combined\t\t\t<\/a>\n\t\t<\/h3>\n\t\t\t\t\t<div class=\"elementor-post__read-more-wrapper\">\n\t\t\n\t\t<a class=\"elementor-post__read-more\" href=\"https:\/\/www.gygv.hu\/en\/pressure-reducing-valve\/\" aria-label=\"Read more about Stainless Steel Pressure Reducing Valve by GYGV \u2013 Reliability and Durability Combined\" tabindex=\"-1\" >\n\t\t\t\u00c9rdekel \u00bb\t\t<\/a>\n\n\t\t\t\t\t<\/div>\n\t\t\t\t<\/div>\n\t\t\t\t<\/article>\n\t\t\t\t<article class=\"elementor-post elementor-grid-item post-1242 post type-post status-publish format-standard has-post-thumbnail hentry category-chemical-industry category-english category-food-industry category-machine-manufacturing category-pharmaceutical-industry category-technology\" role=\"listitem\">\n\t\t\t\t<a class=\"elementor-post__thumbnail__link\" href=\"https:\/\/www.gygv.hu\/en\/automated-precision-in-pipe-welding-how-we-work-with-orbital-technology-at-gygv\/\" tabindex=\"-1\" >\n\t\t\t<div class=\"elementor-post__thumbnail\"><img loading=\"lazy\" decoding=\"async\" width=\"300\" height=\"225\" src=\"https:\/\/www.gygv.hu\/files\/IMG_0546-300x225.jpg\" class=\"attachment-medium size-medium wp-image-1232\" alt=\"\" srcset=\"https:\/\/www.gygv.hu\/files\/IMG_0546-300x225.jpg 300w, https:\/\/www.gygv.hu\/files\/IMG_0546-1024x768.jpg 1024w, https:\/\/www.gygv.hu\/files\/IMG_0546-768x576.jpg 768w, https:\/\/www.gygv.hu\/files\/IMG_0546-1536x1152.jpg 1536w, https:\/\/www.gygv.hu\/files\/IMG_0546-2048x1536.jpg 2048w, https:\/\/www.gygv.hu\/files\/IMG_0546-16x12.jpg 16w\" sizes=\"(max-width: 300px) 100vw, 300px\" \/><\/div>\n\t\t<\/a>\n\t\t\t\t<div class=\"elementor-post__text\">\n\t\t\t\t<h3 class=\"elementor-post__title\">\n\t\t\t<a href=\"https:\/\/www.gygv.hu\/en\/automated-precision-in-pipe-welding-how-we-work-with-orbital-technology-at-gygv\/\" >\n\t\t\t\tAutomated Precision in Pipe Welding \u2013 How We Work with Orbital Technology at GYGV\t\t\t<\/a>\n\t\t<\/h3>\n\t\t\t\t\t<div class=\"elementor-post__read-more-wrapper\">\n\t\t\n\t\t<a class=\"elementor-post__read-more\" href=\"https:\/\/www.gygv.hu\/en\/automated-precision-in-pipe-welding-how-we-work-with-orbital-technology-at-gygv\/\" aria-label=\"Read more about Automated Precision in Pipe Welding \u2013 How We Work with Orbital Technology at GYGV\" tabindex=\"-1\" >\n\t\t\t\u00c9rdekel \u00bb\t\t<\/a>\n\n\t\t\t\t\t<\/div>\n\t\t\t\t<\/div>\n\t\t\t\t<\/article>\n\t\t\t\t<\/div>\n\t\t\n\t\t\t\t\t\t<\/div>\n\t\t\t\t<\/div>\n\t\t\t\t<\/div>\n\t\t\t\t\t<\/div>\n\t\t\t\t<\/div>\n\t\t\t\t<\/div>","protected":false},"excerpt":{"rendered":"<p>Technol\u00f3gia Cs\u0151 megmunk\u00e1l\u00e1s Cs\u0151hajl\u00edt\u00e1s d25; d33.7; d42.4; d48.3 Nyakkih\u00faz\u00e1s 21.3 \u2013 114.3 mm CNC 3D plazma cs\u0151v\u00e1g\u00e1s dn500 m\u00e9retig Orbit\u00e1lis cs\u0151v\u00e1g\u00f3 19 &#8211; 323.9 mm<\/p>","protected":false},"author":3,"featured_media":0,"parent":0,"menu_order":0,"comment_status":"closed","ping_status":"closed","template":"elementor_header_footer","meta":{"footnotes":""},"class_list":["post-913","page","type-page","status-publish","hentry"],"_links":{"self":[{"href":"https:\/\/www.gygv.hu\/en\/wp-json\/wp\/v2\/pages\/913","targetHints":{"allow":["GET"]}}],"collection":[{"href":"https:\/\/www.gygv.hu\/en\/wp-json\/wp\/v2\/pages"}],"about":[{"href":"https:\/\/www.gygv.hu\/en\/wp-json\/wp\/v2\/types\/page"}],"author":[{"embeddable":true,"href":"https:\/\/www.gygv.hu\/en\/wp-json\/wp\/v2\/users\/3"}],"replies":[{"embeddable":true,"href":"https:\/\/www.gygv.hu\/en\/wp-json\/wp\/v2\/comments?post=913"}],"version-history":[{"count":0,"href":"https:\/\/www.gygv.hu\/en\/wp-json\/wp\/v2\/pages\/913\/revisions"}],"wp:attachment":[{"href":"https:\/\/www.gygv.hu\/en\/wp-json\/wp\/v2\/media?parent=913"}],"curies":[{"name":"wp","href":"https:\/\/api.w.org\/{rel}","templated":true}]}}