{"id":86,"date":"2016-08-31T08:08:35","date_gmt":"2016-08-31T08:08:35","guid":{"rendered":"http:\/\/teszt.gygv.hu\/?page_id=86&#038;lang=de"},"modified":"2016-11-03T07:43:34","modified_gmt":"2016-11-03T07:43:34","slug":"kontakt","status":"publish","type":"page","link":"https:\/\/www.gygv.hu\/en\/kontakt\/","title":{"rendered":"Kontakt"},"content":{"rendered":"<p>H-8800 Nagykanizsa<br \/>\nEgerszegi \u00fat 2\/F<br \/>\nTel:+36-93-313-283<br \/>\nFax:+36-93-314-589<\/p>\n<h3>Gesch\u00e4ftsf\u00fchrer : Herr Mikl\u00f3s Beke<\/h3>\n<p>Email: beke.miklos@gygv.hu<br \/>\nMobil: +36-30-237-87-37<\/p>\n<h3>Werkstoff Leiter: <strong>Herr Jr. Mikl\u00f3s Beke<\/strong><\/h3>\n<p>Email: ifj.beke.miklos@gygv.hu<br \/>\nMobil: +36-30-237-87-16<\/p>\n<h3>Technischer Leiter: Herr Szabolcs Beke<\/h3>\n<p>Email: beke.szabolcs@gygv.hu<br \/>\nMobil: +36-30-298-47-48<\/p>\n<p>&nbsp;<\/p>","protected":false},"excerpt":{"rendered":"<p>H-8800 Nagykanizsa, Egerszegi \u00fat 2\/F, Telefon: +36-93-313-283<\/p>","protected":false},"author":3,"featured_media":0,"parent":0,"menu_order":17,"comment_status":"closed","ping_status":"closed","template":"","meta":{"footnotes":""},"class_list":["post-86","page","type-page","status-publish"],"_links":{"self":[{"href":"https:\/\/www.gygv.hu\/en\/wp-json\/wp\/v2\/pages\/86","targetHints":{"allow":["GET"]}}],"collection":[{"href":"https:\/\/www.gygv.hu\/en\/wp-json\/wp\/v2\/pages"}],"about":[{"href":"https:\/\/www.gygv.hu\/en\/wp-json\/wp\/v2\/types\/page"}],"author":[{"embeddable":true,"href":"https:\/\/www.gygv.hu\/en\/wp-json\/wp\/v2\/users\/3"}],"replies":[{"embeddable":true,"href":"https:\/\/www.gygv.hu\/en\/wp-json\/wp\/v2\/comments?post=86"}],"version-history":[{"count":0,"href":"https:\/\/www.gygv.hu\/en\/wp-json\/wp\/v2\/pages\/86\/revisions"}],"wp:attachment":[{"href":"https:\/\/www.gygv.hu\/en\/wp-json\/wp\/v2\/media?parent=86"}],"curies":[{"name":"wp","href":"https:\/\/api.w.org\/{rel}","templated":true}]}}