{"id":6,"date":"2016-08-10T13:40:41","date_gmt":"2016-08-10T13:40:41","guid":{"rendered":"http:\/\/teszt.gygv.hu\/?page_id=6"},"modified":"2023-10-26T11:28:41","modified_gmt":"2023-10-26T09:28:41","slug":"our-activity","status":"publish","type":"page","link":"https:\/\/www.gygv.hu\/en\/tevekenysegunk\/","title":{"rendered":"Our activity"},"content":{"rendered":"<div data-elementor-type=\"wp-page\" data-elementor-id=\"6\" class=\"elementor elementor-6\" data-elementor-post-type=\"page\">\n\t\t\t\t<div class=\"elementor-element elementor-element-6fa0f2b e-flex e-con-boxed e-con e-parent\" data-id=\"6fa0f2b\" data-element_type=\"container\" data-e-type=\"container\" data-settings=\"{&quot;background_background&quot;:&quot;classic&quot;}\">\n\t\t\t\t\t<div class=\"e-con-inner\">\n\t\t\t\t<div class=\"elementor-element elementor-element-a58c5e3 elementor-widget elementor-widget-heading\" data-id=\"a58c5e3\" data-element_type=\"widget\" data-e-type=\"widget\" data-widget_type=\"heading.default\">\n\t\t\t\t<div class=\"elementor-widget-container\">\n\t\t\t\t\t<h1 class=\"elementor-heading-title elementor-size-default\">Our activity<\/h1>\t\t\t\t<\/div>\n\t\t\t\t<\/div>\n\t\t\t\t\t<\/div>\n\t\t\t\t<\/div>\n\t\t<div class=\"elementor-element elementor-element-de7a36a e-flex e-con-boxed e-con e-parent\" data-id=\"de7a36a\" data-element_type=\"container\" data-e-type=\"container\">\n\t\t\t\t\t<div class=\"e-con-inner\">\n\t\t<div class=\"elementor-element elementor-element-ec9ac5d e-flex e-con-boxed e-con e-child\" data-id=\"ec9ac5d\" data-element_type=\"container\" data-e-type=\"container\">\n\t\t\t\t\t<div class=\"e-con-inner\">\n\t\t\t\t<div class=\"elementor-element elementor-element-d33b18c elementor-grid-4 elementor-posts--align-center elementor-grid-mobile-2 elementor-grid-tablet-2 elementor-posts--thumbnail-top elementor-posts__hover-gradient elementor-widget elementor-widget-posts\" data-id=\"d33b18c\" data-element_type=\"widget\" data-e-type=\"widget\" data-settings=\"{&quot;cards_columns&quot;:&quot;4&quot;,&quot;cards_row_gap&quot;:{&quot;unit&quot;:&quot;px&quot;,&quot;size&quot;:30,&quot;sizes&quot;:[]},&quot;cards_columns_mobile&quot;:&quot;2&quot;,&quot;cards_row_gap_mobile&quot;:{&quot;unit&quot;:&quot;px&quot;,&quot;size&quot;:20,&quot;sizes&quot;:[]},&quot;cards_columns_tablet&quot;:&quot;2&quot;,&quot;cards_row_gap_tablet&quot;:{&quot;unit&quot;:&quot;px&quot;,&quot;size&quot;:&quot;&quot;,&quot;sizes&quot;:[]}}\" data-widget_type=\"posts.cards\">\n\t\t\t\t<div class=\"elementor-widget-container\">\n\t\t\t\t\t\t\t<div class=\"elementor-posts-container elementor-posts elementor-posts--skin-cards elementor-grid\" role=\"list\">\n\t\t\t\t<article class=\"elementor-post elementor-grid-item post-872 page type-page status-publish has-post-thumbnail\" role=\"listitem\">\n\t\t\t<div class=\"elementor-post__card\">\n\t\t\t\t<a class=\"elementor-post__thumbnail__link\" href=\"https:\/\/www.gygv.hu\/en\/tevekenysegunk\/elelmiszeripar\/\" tabindex=\"-1\" ><div class=\"elementor-post__thumbnail\"><img fetchpriority=\"high\" decoding=\"async\" width=\"1024\" height=\"680\" src=\"https:\/\/www.gygv.hu\/files\/gygv_kanizsa_elelmiszeripar-1024x680.jpg\" class=\"attachment-large size-large wp-image-845\" alt=\"\" srcset=\"https:\/\/www.gygv.hu\/files\/gygv_kanizsa_elelmiszeripar-1024x680.jpg 1024w, https:\/\/www.gygv.hu\/files\/gygv_kanizsa_elelmiszeripar-300x199.jpg 300w, https:\/\/www.gygv.hu\/files\/gygv_kanizsa_elelmiszeripar-768x510.jpg 768w, https:\/\/www.gygv.hu\/files\/gygv_kanizsa_elelmiszeripar-18x12.jpg 18w, https:\/\/www.gygv.hu\/files\/gygv_kanizsa_elelmiszeripar.jpg 1500w\" sizes=\"(max-width: 1024px) 100vw, 1024px\"><\/div><\/a>\n\t\t\t\t<div class=\"elementor-post__text\">\n\t\t\t\t<h3 class=\"elementor-post__title\">\n\t\t\t<a href=\"https:\/\/www.gygv.hu\/en\/tevekenysegunk\/elelmiszeripar\/\" >\n\t\t\t\tFood industry\t\t\t<\/a>\n\t\t<\/h3>\n\t\t\t\t\t<div class=\"elementor-post__read-more-wrapper\">\n\t\t\n\t\t<a class=\"elementor-post__read-more\" href=\"https:\/\/www.gygv.hu\/en\/tevekenysegunk\/elelmiszeripar\/\" aria-label=\"Read more about \u00c9lelmiszeripar\" tabindex=\"-1\" >\n\t\t\tRead more &gt;\t\t<\/a>\n\n\t\t\t\t\t<\/div>\n\t\t\t\t<\/div>\n\t\t\t\t\t<\/div>\n\t\t<\/article>\n\t\t\t\t<article class=\"elementor-post elementor-grid-item post-870 page type-page status-publish has-post-thumbnail\" role=\"listitem\">\n\t\t\t<div class=\"elementor-post__card\">\n\t\t\t\t<a class=\"elementor-post__thumbnail__link\" href=\"https:\/\/www.gygv.hu\/en\/tevekenysegunk\/gepgyartas\/\" tabindex=\"-1\" ><div class=\"elementor-post__thumbnail\"><img decoding=\"async\" width=\"1024\" height=\"674\" src=\"https:\/\/www.gygv.hu\/files\/gygv_kanizsa_gepgyartas-1024x674.jpg\" class=\"attachment-large size-large wp-image-844\" alt=\"\" srcset=\"https:\/\/www.gygv.hu\/files\/gygv_kanizsa_gepgyartas-1024x674.jpg 1024w, https:\/\/www.gygv.hu\/files\/gygv_kanizsa_gepgyartas-300x198.jpg 300w, https:\/\/www.gygv.hu\/files\/gygv_kanizsa_gepgyartas-768x506.jpg 768w, https:\/\/www.gygv.hu\/files\/gygv_kanizsa_gepgyartas-18x12.jpg 18w, https:\/\/www.gygv.hu\/files\/gygv_kanizsa_gepgyartas.jpg 1500w\" sizes=\"(max-width: 1024px) 100vw, 1024px\"><\/div><\/a>\n\t\t\t\t<div class=\"elementor-post__text\">\n\t\t\t\t<h3 class=\"elementor-post__title\">\n\t\t\t<a href=\"https:\/\/www.gygv.hu\/en\/tevekenysegunk\/gepgyartas\/\" >\n\t\t\t\tMachine manufacturing\t\t\t<\/a>\n\t\t<\/h3>\n\t\t\t\t\t<div class=\"elementor-post__read-more-wrapper\">\n\t\t\n\t\t<a class=\"elementor-post__read-more\" href=\"https:\/\/www.gygv.hu\/en\/tevekenysegunk\/gepgyartas\/\" aria-label=\"Read more about G\u00e9pgy\u00e1rt\u00e1s\" tabindex=\"-1\" >\n\t\t\tRead more &gt;\t\t<\/a>\n\n\t\t\t\t\t<\/div>\n\t\t\t\t<\/div>\n\t\t\t\t\t<\/div>\n\t\t<\/article>\n\t\t\t\t<article class=\"elementor-post elementor-grid-item post-866 page type-page status-publish has-post-thumbnail\" role=\"listitem\">\n\t\t\t<div class=\"elementor-post__card\">\n\t\t\t\t<a class=\"elementor-post__thumbnail__link\" href=\"https:\/\/www.gygv.hu\/en\/tevekenysegunk\/vegyipar\/\" tabindex=\"-1\" ><div class=\"elementor-post__thumbnail\"><img decoding=\"async\" width=\"1024\" height=\"574\" src=\"https:\/\/www.gygv.hu\/files\/gygv_kanizsa_vegyipar-1024x574.jpg\" class=\"attachment-large size-large wp-image-840\" alt=\"\" srcset=\"https:\/\/www.gygv.hu\/files\/gygv_kanizsa_vegyipar-1024x574.jpg 1024w, https:\/\/www.gygv.hu\/files\/gygv_kanizsa_vegyipar-300x168.jpg 300w, https:\/\/www.gygv.hu\/files\/gygv_kanizsa_vegyipar-768x431.jpg 768w, https:\/\/www.gygv.hu\/files\/gygv_kanizsa_vegyipar-18x10.jpg 18w, https:\/\/www.gygv.hu\/files\/gygv_kanizsa_vegyipar.jpg 1500w\" sizes=\"(max-width: 1024px) 100vw, 1024px\"><\/div><\/a>\n\t\t\t\t<div class=\"elementor-post__text\">\n\t\t\t\t<h3 class=\"elementor-post__title\">\n\t\t\t<a href=\"https:\/\/www.gygv.hu\/en\/tevekenysegunk\/vegyipar\/\" >\n\t\t\t\tChemical industry\t\t\t<\/a>\n\t\t<\/h3>\n\t\t\t\t\t<div class=\"elementor-post__read-more-wrapper\">\n\t\t\n\t\t<a class=\"elementor-post__read-more\" href=\"https:\/\/www.gygv.hu\/en\/tevekenysegunk\/vegyipar\/\" aria-label=\"Read more about Vegyipar\" tabindex=\"-1\" >\n\t\t\tRead more &gt;\t\t<\/a>\n\n\t\t\t\t\t<\/div>\n\t\t\t\t<\/div>\n\t\t\t\t\t<\/div>\n\t\t<\/article>\n\t\t\t\t<article class=\"elementor-post elementor-grid-item post-420 page type-page status-publish has-post-thumbnail\" role=\"listitem\">\n\t\t\t<div class=\"elementor-post__card\">\n\t\t\t\t<a class=\"elementor-post__thumbnail__link\" href=\"https:\/\/www.gygv.hu\/en\/tevekenysegunk\/gyogyszeripar\/\" tabindex=\"-1\" ><div class=\"elementor-post__thumbnail\"><img loading=\"lazy\" decoding=\"async\" width=\"1024\" height=\"683\" src=\"https:\/\/www.gygv.hu\/files\/gygv_kanizsa_gyogyszeripar-1024x683.jpg\" class=\"attachment-large size-large wp-image-837\" alt=\"\" srcset=\"https:\/\/www.gygv.hu\/files\/gygv_kanizsa_gyogyszeripar-1024x683.jpg 1024w, https:\/\/www.gygv.hu\/files\/gygv_kanizsa_gyogyszeripar-300x200.jpg 300w, https:\/\/www.gygv.hu\/files\/gygv_kanizsa_gyogyszeripar-768x512.jpg 768w, https:\/\/www.gygv.hu\/files\/gygv_kanizsa_gyogyszeripar-18x12.jpg 18w, https:\/\/www.gygv.hu\/files\/gygv_kanizsa_gyogyszeripar.jpg 1500w\" sizes=\"(max-width: 1024px) 100vw, 1024px\"><\/div><\/a>\n\t\t\t\t<div class=\"elementor-post__text\">\n\t\t\t\t<h3 class=\"elementor-post__title\">\n\t\t\t<a href=\"https:\/\/www.gygv.hu\/en\/tevekenysegunk\/gyogyszeripar\/\" >\n\t\t\t\tPharmaceutical industry\t\t\t<\/a>\n\t\t<\/h3>\n\t\t\t\t\t<div class=\"elementor-post__read-more-wrapper\">\n\t\t\n\t\t<a class=\"elementor-post__read-more\" href=\"https:\/\/www.gygv.hu\/en\/tevekenysegunk\/gyogyszeripar\/\" aria-label=\"Read more about Gy\u00f3gyszeripar\" tabindex=\"-1\" >\n\t\t\tRead more &gt;\t\t<\/a>\n\n\t\t\t\t\t<\/div>\n\t\t\t\t<\/div>\n\t\t\t\t\t<\/div>\n\t\t<\/article>\n\t\t\t\t<\/div>\n\t\t\n\t\t\t\t\t\t<\/div>\n\t\t\t\t<\/div>\n\t\t\t\t\t<\/div>\n\t\t\t\t<\/div>\n\t\t\t\t\t<\/div>\n\t\t\t\t<\/div>\n\t\t<div class=\"elementor-element elementor-element-a58f981 e-flex e-con-boxed e-con e-parent\" data-id=\"a58f981\" data-element_type=\"container\" data-e-type=\"container\" data-settings=\"{&quot;background_background&quot;:&quot;classic&quot;}\">\n\t\t\t\t\t<div class=\"e-con-inner\">\n\t\t\t\t<div class=\"elementor-element elementor-element-878fd8a elementor-widget elementor-widget-heading\" data-id=\"878fd8a\" data-element_type=\"widget\" data-e-type=\"widget\" data-widget_type=\"heading.default\">\n\t\t\t\t<div class=\"elementor-widget-container\">\n\t\t\t\t\t<h2 class=\"elementor-heading-title elementor-size-default\">Contact us!\n\n<\/h2>\t\t\t\t<\/div>\n\t\t\t\t<\/div>\n\t\t\t\t<div class=\"elementor-element elementor-element-2109940 elementor-widget elementor-widget-text-editor\" data-id=\"2109940\" data-element_type=\"widget\" data-e-type=\"widget\" data-widget_type=\"text-editor.default\">\n\t\t\t\t<div class=\"elementor-widget-container\">\n\t\t\t\t\t\t\t\t\t<p style=\"font-weight: 400;\">Send us your request and we will get in touch with you!<\/p>\t\t\t\t\t\t\t\t<\/div>\n\t\t\t\t<\/div>\n\t\t\t\t<div class=\"elementor-element elementor-element-ef24729 elementor-align-center elementor-widget elementor-widget-button\" data-id=\"ef24729\" data-element_type=\"widget\" data-e-type=\"widget\" data-widget_type=\"button.default\">\n\t\t\t\t<div class=\"elementor-widget-container\">\n\t\t\t\t\t\t\t\t\t<div class=\"elementor-button-wrapper\">\n\t\t\t\t\t<a class=\"elementor-button elementor-button-link elementor-size-sm elementor-animation-grow\" href=\"\/en\/contact\/\">\n\t\t\t\t\t\t<span class=\"elementor-button-content-wrapper\">\n\t\t\t\t\t\t\t\t\t<span class=\"elementor-button-text\">Request an offer<\/span>\n\t\t\t\t\t<\/span>\n\t\t\t\t\t<\/a>\n\t\t\t\t<\/div>\n\t\t\t\t\t\t\t\t<\/div>\n\t\t\t\t<\/div>\n\t\t\t\t\t<\/div>\n\t\t\t\t<\/div>\n\t\t\t\t<\/div>","protected":false},"excerpt":{"rendered":"<p>Tev\u00e9kenys\u00e9g\u00fcnk L\u00e9pjen kapcsolatba vel\u00fcnk! K\u00fcldje el ig\u00e9ny\u00e9t, aj\u00e1nlatk\u00e9r\u00e9s\u00e9t mi pedig felvessz\u00fck \u00d6nnel a kapcsolatot! Aj\u00e1nlat k\u00e9r\u00e9se<\/p>","protected":false},"author":3,"featured_media":0,"parent":0,"menu_order":9,"comment_status":"closed","ping_status":"closed","template":"elementor_header_footer","meta":{"footnotes":""},"class_list":["post-6","page","type-page","status-publish"],"_links":{"self":[{"href":"https:\/\/www.gygv.hu\/en\/wp-json\/wp\/v2\/pages\/6","targetHints":{"allow":["GET"]}}],"collection":[{"href":"https:\/\/www.gygv.hu\/en\/wp-json\/wp\/v2\/pages"}],"about":[{"href":"https:\/\/www.gygv.hu\/en\/wp-json\/wp\/v2\/types\/page"}],"author":[{"embeddable":true,"href":"https:\/\/www.gygv.hu\/en\/wp-json\/wp\/v2\/users\/3"}],"replies":[{"embeddable":true,"href":"https:\/\/www.gygv.hu\/en\/wp-json\/wp\/v2\/comments?post=6"}],"version-history":[{"count":0,"href":"https:\/\/www.gygv.hu\/en\/wp-json\/wp\/v2\/pages\/6\/revisions"}],"wp:attachment":[{"href":"https:\/\/www.gygv.hu\/en\/wp-json\/wp\/v2\/media?parent=6"}],"curies":[{"name":"wp","href":"https:\/\/api.w.org\/{rel}","templated":true}]}}