{"id":5,"date":"2016-08-10T13:40:18","date_gmt":"2016-08-10T13:40:18","guid":{"rendered":"http:\/\/teszt.gygv.hu\/?page_id=5"},"modified":"2023-11-30T08:14:53","modified_gmt":"2023-11-30T07:14:53","slug":"about-us","status":"publish","type":"page","link":"https:\/\/www.gygv.hu\/en\/rolunk\/","title":{"rendered":"About us"},"content":{"rendered":"<div data-elementor-type=\"wp-page\" data-elementor-id=\"5\" class=\"elementor elementor-5\" data-elementor-post-type=\"page\">\n\t\t\t\t<div class=\"elementor-element elementor-element-f05cf6b e-flex e-con-boxed e-con e-parent\" data-id=\"f05cf6b\" data-element_type=\"container\" data-e-type=\"container\" data-settings=\"{&quot;background_background&quot;:&quot;classic&quot;}\">\n\t\t\t\t\t<div class=\"e-con-inner\">\n\t\t\t\t<div class=\"elementor-element elementor-element-2b98027 elementor-widget elementor-widget-heading\" data-id=\"2b98027\" data-element_type=\"widget\" data-e-type=\"widget\" data-widget_type=\"heading.default\">\n\t\t\t\t<div class=\"elementor-widget-container\">\n\t\t\t\t\t<h1 class=\"elementor-heading-title elementor-size-default\">About us<\/h1>\t\t\t\t<\/div>\n\t\t\t\t<\/div>\n\t\t\t\t\t<\/div>\n\t\t\t\t<\/div>\n\t\t<div class=\"elementor-element elementor-element-b630c6a e-flex e-con-boxed e-con e-parent\" data-id=\"b630c6a\" data-element_type=\"container\" data-e-type=\"container\">\n\t\t\t\t\t<div class=\"e-con-inner\">\n\t\t<div class=\"elementor-element elementor-element-6d00ceb e-flex e-con-boxed e-con e-child\" data-id=\"6d00ceb\" data-element_type=\"container\" data-e-type=\"container\">\n\t\t\t\t\t<div class=\"e-con-inner\">\n\t\t\t\t<div class=\"elementor-element elementor-element-6f1818a elementor-widget elementor-widget-text-editor\" data-id=\"6f1818a\" data-element_type=\"widget\" data-e-type=\"widget\" data-widget_type=\"text-editor.default\">\n\t\t\t\t<div class=\"elementor-widget-container\">\n\t\t\t\t\t\t\t\t\t<p>GYGV Kanizsa Kft. was founded in 1994 and is now a family business. The main activity of our company is the design, manufacture and on-site installation of industrial, unique equipment made of stainless steel.<\/p><ul><li>The company's own staff: 25-30 people.<\/li><li>The average age of colleagues: 35-40 years.<\/li><li>Professional division: 5 graduate engineers and 15 technicians and skilled workers.<\/li><\/ul><p><br \/>Our mission is the high quality, complex solution for our customers while creating value.<\/p>\t\t\t\t\t\t\t\t<\/div>\n\t\t\t\t<\/div>\n\t\t\t\t\t<\/div>\n\t\t\t\t<\/div>\n\t\t\t\t\t<\/div>\n\t\t\t\t<\/div>\n\t\t<div class=\"elementor-element elementor-element-b22ae0a e-flex e-con-boxed e-con e-parent\" data-id=\"b22ae0a\" data-element_type=\"container\" data-e-type=\"container\">\n\t\t\t\t\t<div class=\"e-con-inner\">\n\t\t<div class=\"elementor-element elementor-element-5c1dd46 e-con-full e-flex e-con e-child\" data-id=\"5c1dd46\" data-element_type=\"container\" data-e-type=\"container\" data-settings=\"{&quot;background_background&quot;:&quot;classic&quot;}\">\n\t\t\t\t<div class=\"elementor-element elementor-element-1f3b503 elementor-widget elementor-widget-heading\" data-id=\"1f3b503\" data-element_type=\"widget\" data-e-type=\"widget\" data-widget_type=\"heading.default\">\n\t\t\t\t<div class=\"elementor-widget-container\">\n\t\t\t\t\t<h2 class=\"elementor-heading-title elementor-size-default\">Our site<\/h2>\t\t\t\t<\/div>\n\t\t\t\t<\/div>\n\t\t\t\t<div class=\"elementor-element elementor-element-cd60374 elementor-widget elementor-widget-text-editor\" data-id=\"cd60374\" data-element_type=\"widget\" data-e-type=\"widget\" data-widget_type=\"text-editor.default\">\n\t\t\t\t<div class=\"elementor-widget-container\">\n\t\t\t\t\t\t\t\t\t<p class=\"translation-block\">GYGV Kanizsa has been operating since 2009 at the current location, which is a 2500m2 workshop and office.<\/p>\t\t\t\t\t\t\t\t<\/div>\n\t\t\t\t<\/div>\n\t\t\t\t<\/div>\n\t\t<div class=\"elementor-element elementor-element-4243e35 e-con-full e-flex e-con e-child\" data-id=\"4243e35\" data-element_type=\"container\" data-e-type=\"container\" data-settings=\"{&quot;background_background&quot;:&quot;classic&quot;}\">\n\t\t\t\t<div class=\"elementor-element elementor-element-e6c3b83 elementor-widget elementor-widget-image\" data-id=\"e6c3b83\" data-element_type=\"widget\" data-e-type=\"widget\" data-widget_type=\"image.default\">\n\t\t\t\t<div class=\"elementor-widget-container\">\n\t\t\t\t\t\t\t\t\t\t\t\t\t\t\t\t<a href=\"https:\/\/www.gygv.hu\/files\/64746986_849931275368039_1641958111700844544_o.jpg\" data-elementor-open-lightbox=\"yes\" data-elementor-lightbox-title=\"64746986_849931275368039_1641958111700844544_o\" data-e-action-hash=\"#elementor-action%3Aaction%3Dlightbox%26settings%3DeyJpZCI6NTI1LCJ1cmwiOiJodHRwczpcL1wvd3d3Lmd5Z3YuaHVcL2ZpbGVzXC82NDc0Njk4Nl84NDk5MzEyNzUzNjgwMzlfMTY0MTk1ODExMTcwMDg0NDU0NF9vLmpwZyJ9\">\n\t\t\t\t\t\t\t<img fetchpriority=\"high\" decoding=\"async\" width=\"1024\" height=\"768\" src=\"https:\/\/www.gygv.hu\/files\/64746986_849931275368039_1641958111700844544_o-1024x768.jpg\" class=\"attachment-large size-large wp-image-525\" alt=\"\" srcset=\"https:\/\/www.gygv.hu\/files\/64746986_849931275368039_1641958111700844544_o-1024x768.jpg 1024w, https:\/\/www.gygv.hu\/files\/64746986_849931275368039_1641958111700844544_o-300x225.jpg 300w, https:\/\/www.gygv.hu\/files\/64746986_849931275368039_1641958111700844544_o-768x576.jpg 768w, https:\/\/www.gygv.hu\/files\/64746986_849931275368039_1641958111700844544_o-1536x1151.jpg 1536w, https:\/\/www.gygv.hu\/files\/64746986_849931275368039_1641958111700844544_o.jpg 1833w\" sizes=\"(max-width: 1024px) 100vw, 1024px\">\t\t\t\t\t\t\t\t<\/a>\n\t\t\t\t\t\t\t\t\t\t\t\t\t\t\t<\/div>\n\t\t\t\t<\/div>\n\t\t\t\t<\/div>\n\t\t\t\t\t<\/div>\n\t\t\t\t<\/div>\n\t\t<div class=\"elementor-element elementor-element-103261e0 e-flex e-con-boxed e-con e-parent\" data-id=\"103261e0\" data-element_type=\"container\" data-e-type=\"container\">\n\t\t\t\t\t<div class=\"e-con-inner\">\n\t\t\t\t<div class=\"elementor-element elementor-element-70947dc elementor-widget elementor-widget-heading\" data-id=\"70947dc\" data-element_type=\"widget\" data-e-type=\"widget\" data-widget_type=\"heading.default\">\n\t\t\t\t<div class=\"elementor-widget-container\">\n\t\t\t\t\t<h2 class=\"elementor-heading-title elementor-size-default\">A GYGV Kanizsa Kft. integr\u00e1lt politik\u00e1ja\n<\/h2>\t\t\t\t<\/div>\n\t\t\t\t<\/div>\n\t\t\t\t<div class=\"elementor-element elementor-element-7650741 elementor-widget elementor-widget-text-editor\" data-id=\"7650741\" data-element_type=\"widget\" data-e-type=\"widget\" data-widget_type=\"text-editor.default\">\n\t\t\t\t<div class=\"elementor-widget-container\">\n\t\t\t\t\t\t\t\t\t<p>A GYGV Kanizsa Kft. integr\u00e1lt ir\u00e1ny\u00edt\u00e1si c\u00e9ljai megval\u00f3s\u00edt\u00e1s\u00e1hoz, integr\u00e1lt ir\u00e1ny\u00edt\u00e1si rendszer\u00e9nek kialak\u00edt\u00e1s\u00e1hoz \u00e9s m\u0171k\u00f6dtet\u00e9s\u00e9hez az MSZ EN ISO 9001:2015 \u00e9s MSZ EN ISO 14001:2015 szabv\u00e1nyok el\u0151\u00edr\u00e1sait h\u00edvta seg\u00edts\u00e9g\u00fcl.<\/p><p>Elk\u00f6telezettek vagyunk integr\u00e1lt ir\u00e1ny\u00edt\u00e1si rendszer\u00fcnk folyamatos fejleszt\u00e9s\u00e9ben, valamint abban, hogy kiv\u00e1l\u00f3 min\u0151s\u00e9g\u0171 term\u00e9keket \u00e9s szolg\u00e1ltat\u00e1sokat bocs\u00e1tsunk megrendel\u0151ink rendelkez\u00e9s\u00e9re. A magas term\u00e9k- \u00e9s szolg\u00e1ltat\u00e1s sz\u00ednvonal fenntart\u00e1sa \u00e9s folyamatos fejleszt\u00e9se egyike f\u0151 c\u00e9lkit\u0171z\u00e9seinknek, amelyre nagy hangs\u00falyt fektet\u00fcnk. \u00dagy hissz\u00fck ez elengedhetetlen felt\u00e9tele annak, hogy a hazai \u00e9s nemzetk\u00f6zi piacon megk\u00fcl\u00f6nb\u00f6ztess\u00fck magunkat, \u00faj vev\u0151ket szerezz\u00fcnk \u00e9s a megl\u00e9v\u0151kkel pedig hossz\u00fat\u00e1v\u00fa, k\u00f6lcs\u00f6n\u00f6sen el\u0151ny\u00f6s, megb\u00edzhat\u00f3 partneri kapcsolatot alak\u00edtsunk ki.<\/p><p>Tev\u00e9kenys\u00e9g\u00fcnk k\u00f6z\u00e9ppontj\u00e1ban partnereink el\u00e9gedetts\u00e9ge \u00e1ll. Az \u00e1ltaluk meghat\u00e1rozott k\u00f6vetelm\u00e9nyek, ig\u00e9nyek szem el\u0151tt tart\u00e1sa \u00e9s az \u00e9rt\u00e9kteremt\u00e9s a munkafolyamataink stabil alapj\u00e1t k\u00e9pezik. Projekt menedzsment\u00fcnket a megfelel\u0151 szakszer\u0171s\u00e9g, hat\u00e9konys\u00e1g \u00e9s a v\u00e1llalt teljes\u00edt\u00e9si hat\u00e1rid\u0151k pontos betart\u00e1s\u00e1nak figyelembev\u00e9tel\u00e9vel alak\u00edtjuk ki, hajtjuk v\u00e9gre \u00e9s kontroll\u00e1ljuk.<\/p><p>A vev\u0151i el\u00e9gedetts\u00e9g mellett sz\u00e1munkra az is fontos, hogy dolgoz\u00f3ink r\u00e9sz\u00e9re olyan munkafelt\u00e9teleket, valamint k\u00f6rnyezetet biztos\u00edtsunk, hogy mindez az \u0151 el\u00e9gedetts\u00e9g\u00fcket is szolg\u00e1lja. T\u00e1mogatjuk \u00e9s megk\u00f6vetelj\u00fck a korszer\u0171 tud\u00e1s \u00e9s ismeret elsaj\u00e1t\u00edt\u00e1s\u00e1t \u00e9s ennek alkalmaz\u00e1s\u00e1t. Mindezeket tapasztalt koll\u00e9g\u00e1ink tud\u00e1s \u00e1tad\u00e1s\u00e1val, valamint rendszeres k\u00e9pz\u00e9sekkel tudjuk el\u00e9rni.<\/p><p>Besz\u00e1ll\u00edt\u00f3inkt\u00f3l elv\u00e1rjuk a megb\u00edzhat\u00f3, pontos \u00e9s a k\u00f6vetelm\u00e9nyeket t\u00f6k\u00e9letesen kiel\u00e9g\u00edt\u0151 munkav\u00e9gz\u00e9st, amely az \u00e1ltalunk elv\u00e9gzett tev\u00e9kenys\u00e9geket is jellemzi.\u00a0Hosszabb t\u00e1von arra t\u00f6reksz\u00fcnk, hogy olyan besz\u00e1ll\u00edt\u00f3kkal m\u0171k\u00f6dj\u00fcnk egy\u00fctt, akik szint\u00e9n rendelkeznek m\u0171k\u00f6d\u0151, tan\u00fas\u00edtott min\u0151s\u00e9gir\u00e1ny\u00edt\u00e1si \u00e9s k\u00f6rnyezetir\u00e1ny\u00edt\u00e1si rendszerrel.<\/p><p>C\u00e9g\u00fcnk vezet\u0151s\u00e9g\u00e9nek egy\u00e9rtelm\u0171 sz\u00e1nd\u00e9ka, hogy a teljes m\u0171k\u00f6d\u00e9se sor\u00e1n figyelemmel k\u00eds\u00e9ri a t\u00f6rv\u00e9nyi el\u0151\u00edr\u00e1sokat, ezeket betartja \u00e9s munkat\u00e1rsaival is betartatja. Mindehhez term\u00e9szetesen elengedhetetlen a k\u00f6rnyezet\u00fcnk \u00e9s munkat\u00e1rsaink eg\u00e9sz\u00e9g\u00e9nek a v\u00e9delme.<\/p><p>V\u00e1llalatunk elk\u00f6telezett a k\u00f6rnyezeti k\u00e1rok, a k\u00f6rnyezetszennyez\u00e9s megel\u0151z\u00e9se, a k\u00f6rnyezetterhel\u00e9s lehet\u0151 legkisebb m\u00e9rt\u00e9ken tart\u00e1sa, ennek ellen\u0151rz\u00e9se, a term\u00e9szetes \u00e9s \u00e9p\u00edtett k\u00f6rnyezet\u00fcnk folyamatos v\u00e9delme, a k\u00f6rnyezethaszn\u00e1lattal j\u00e1r\u00f3 kock\u00e1zatok kik\u00fcsz\u00f6b\u00f6l\u00e9se, valamint a c\u00e9g\u00fcnkre vonatkoz\u00f3 k\u00f6rnyezetv\u00e9delmi jogszab\u00e1lyi \u00e9s egy\u00e9b el\u0151\u00edr\u00e1sok, tov\u00e1bb\u00e1 az \u00e1ltalunk v\u00e1llalt k\u00f6vetelm\u00e9nyek teljes\u00edt\u00e9se ir\u00e1nt.<\/p><p>\u00a0A Kft. vezet\u00e9se k\u00f6telezetts\u00e9get v\u00e1llal az Integr\u00e1lt politik\u00e1ban le\u00edrtak betart\u00e1s\u00e1ra.<\/p><p>Integr\u00e1lt politik\u00e1nkat \u00e9vente \u00e9rt\u00e9kelj\u00fck, ha sz\u00fcks\u00e9ges meg\u00faj\u00edtjuk \u00e9s a megv\u00e1ltozott k\u00f6r\u00fclm\u00e9nyekhez igaz\u00edtjuk.<\/p>\t\t\t\t\t\t\t\t<\/div>\n\t\t\t\t<\/div>\n\t\t\t\t\t<\/div>\n\t\t\t\t<\/div>\n\t\t<div class=\"elementor-element elementor-element-468d712 e-flex e-con-boxed e-con e-parent\" data-id=\"468d712\" data-element_type=\"container\" data-e-type=\"container\" data-settings=\"{&quot;background_background&quot;:&quot;classic&quot;}\">\n\t\t\t\t\t<div class=\"e-con-inner\">\n\t\t\t\t\t<\/div>\n\t\t\t\t<\/div>\n\t\t\t\t<\/div>","protected":false},"excerpt":{"rendered":"<p>GYGV Kanizsa Kft<\/p>","protected":false},"author":3,"featured_media":0,"parent":0,"menu_order":7,"comment_status":"closed","ping_status":"closed","template":"elementor_header_footer","meta":{"footnotes":""},"class_list":["post-5","page","type-page","status-publish"],"_links":{"self":[{"href":"https:\/\/www.gygv.hu\/en\/wp-json\/wp\/v2\/pages\/5","targetHints":{"allow":["GET"]}}],"collection":[{"href":"https:\/\/www.gygv.hu\/en\/wp-json\/wp\/v2\/pages"}],"about":[{"href":"https:\/\/www.gygv.hu\/en\/wp-json\/wp\/v2\/types\/page"}],"author":[{"embeddable":true,"href":"https:\/\/www.gygv.hu\/en\/wp-json\/wp\/v2\/users\/3"}],"replies":[{"embeddable":true,"href":"https:\/\/www.gygv.hu\/en\/wp-json\/wp\/v2\/comments?post=5"}],"version-history":[{"count":0,"href":"https:\/\/www.gygv.hu\/en\/wp-json\/wp\/v2\/pages\/5\/revisions"}],"wp:attachment":[{"href":"https:\/\/www.gygv.hu\/en\/wp-json\/wp\/v2\/media?parent=5"}],"curies":[{"name":"wp","href":"https:\/\/api.w.org\/{rel}","templated":true}]}}