{"id":420,"date":"2021-08-11T07:46:38","date_gmt":"2021-08-11T07:46:38","guid":{"rendered":"http:\/\/www.gygv.hu\/?page_id=420"},"modified":"2023-11-20T08:26:03","modified_gmt":"2023-11-20T07:26:03","slug":"pharmaceutical-industry","status":"publish","type":"page","link":"https:\/\/www.gygv.hu\/en\/tevekenysegunk\/gyogyszeripar\/","title":{"rendered":"Pharmaceutical industry"},"content":{"rendered":"<div data-elementor-type=\"wp-page\" data-elementor-id=\"420\" class=\"elementor elementor-420\" data-elementor-post-type=\"page\">\n\t\t\t\t<div class=\"elementor-element elementor-element-afe88aa e-flex e-con-boxed e-con e-parent\" data-id=\"afe88aa\" data-element_type=\"container\" data-e-type=\"container\" data-settings=\"{&quot;background_background&quot;:&quot;classic&quot;}\">\n\t\t\t\t\t<div class=\"e-con-inner\">\n\t\t\t\t<div class=\"elementor-element elementor-element-06d8f46 elementor-widget elementor-widget-heading\" data-id=\"06d8f46\" data-element_type=\"widget\" data-e-type=\"widget\" data-widget_type=\"heading.default\">\n\t\t\t\t<div class=\"elementor-widget-container\">\n\t\t\t\t\t<h1 class=\"elementor-heading-title elementor-size-default\">Pharmaceutical industry<\/h1>\t\t\t\t<\/div>\n\t\t\t\t<\/div>\n\t\t\t\t<div class=\"elementor-element elementor-element-530d817 elementor-widget elementor-widget-button\" data-id=\"530d817\" data-element_type=\"widget\" data-e-type=\"widget\" data-widget_type=\"button.default\">\n\t\t\t\t<div class=\"elementor-widget-container\">\n\t\t\t\t\t\t\t\t\t<div class=\"elementor-button-wrapper\">\n\t\t\t\t\t<a class=\"elementor-button elementor-button-link elementor-size-sm\" href=\"\/en\/our-activity\/\">\n\t\t\t\t\t\t<span class=\"elementor-button-content-wrapper\">\n\t\t\t\t\t\t<span class=\"elementor-button-icon\">\n\t\t\t\t<i aria-hidden=\"true\" class=\"fas fa-angle-left\"><\/i>\t\t\t<\/span>\n\t\t\t\t\t\t\t\t\t<span class=\"elementor-button-text\">Back to activities<\/span>\n\t\t\t\t\t<\/span>\n\t\t\t\t\t<\/a>\n\t\t\t\t<\/div>\n\t\t\t\t\t\t\t\t<\/div>\n\t\t\t\t<\/div>\n\t\t\t\t\t<\/div>\n\t\t\t\t<\/div>\n\t\t<div class=\"elementor-element elementor-element-052f160 e-flex e-con-boxed e-con e-parent\" data-id=\"052f160\" data-element_type=\"container\" data-e-type=\"container\">\n\t\t\t\t\t<div class=\"e-con-inner\">\n\t\t\t\t<div class=\"elementor-element elementor-element-55b9e68 elementor-widget elementor-widget-text-editor\" data-id=\"55b9e68\" data-element_type=\"widget\" data-e-type=\"widget\" data-widget_type=\"text-editor.default\">\n\t\t\t\t<div class=\"elementor-widget-container\">\n\t\t\t\t\t\t\t\t\t<p>Our equipments for customers in the pharmaceutical industry are made with the help of great expertise and the latest technological tools. Among other things, we use our orbital cutting and welding tools widely in this area.<br>While in the last phase of production, the surface of the semi-finished, finished product is often electropolished during the surface treatment.&nbsp;<\/p>\t\t\t\t\t\t\t\t<\/div>\n\t\t\t\t<\/div>\n\t\t\t\t\t<\/div>\n\t\t\t\t<\/div>\n\t\t<div class=\"elementor-element elementor-element-eb8e4a8 e-flex e-con-boxed e-con e-parent\" data-id=\"eb8e4a8\" data-element_type=\"container\" data-e-type=\"container\">\n\t\t\t\t\t<div class=\"e-con-inner\">\n\t\t<div class=\"elementor-element elementor-element-3ed8f93 e-con-full e-flex e-con e-child\" data-id=\"3ed8f93\" data-element_type=\"container\" data-e-type=\"container\">\n\t\t\t\t<div class=\"elementor-element elementor-element-86f2eae elementor-widget elementor-widget-gallery\" data-id=\"86f2eae\" data-element_type=\"widget\" data-e-type=\"widget\" data-settings=\"{&quot;lazyload&quot;:&quot;yes&quot;,&quot;gallery_layout&quot;:&quot;grid&quot;,&quot;columns&quot;:4,&quot;columns_tablet&quot;:2,&quot;columns_mobile&quot;:1,&quot;gap&quot;:{&quot;unit&quot;:&quot;px&quot;,&quot;size&quot;:10,&quot;sizes&quot;:[]},&quot;gap_tablet&quot;:{&quot;unit&quot;:&quot;px&quot;,&quot;size&quot;:10,&quot;sizes&quot;:[]},&quot;gap_mobile&quot;:{&quot;unit&quot;:&quot;px&quot;,&quot;size&quot;:10,&quot;sizes&quot;:[]},&quot;link_to&quot;:&quot;file&quot;,&quot;aspect_ratio&quot;:&quot;3:2&quot;,&quot;overlay_background&quot;:&quot;yes&quot;,&quot;content_hover_animation&quot;:&quot;fade-in&quot;}\" data-widget_type=\"gallery.default\">\n\t\t\t\t<div class=\"elementor-widget-container\">\n\t\t\t\t\t\t\t<div class=\"elementor-gallery__container\">\n\t\t\t\t\t\t\t<a class=\"e-gallery-item elementor-gallery-item elementor-animated-content\" href=\"https:\/\/www.gygv.hu\/files\/kepek_-008-scaled.jpg\" data-elementor-open-lightbox=\"yes\" data-elementor-lightbox-slideshow=\"86f2eae\" data-elementor-lightbox-title=\"kepek_ 008\" data-e-action-hash=\"#elementor-action%3Aaction%3Dlightbox%26settings%3DeyJpZCI6NDM5LCJ1cmwiOiJodHRwczpcL1wvd3d3Lmd5Z3YuaHVcL2ZpbGVzXC9rZXBla18tMDA4LXNjYWxlZC5qcGciLCJzbGlkZXNob3ciOiI4NmYyZWFlIn0%3D\">\n\t\t\t\t\t<div class=\"e-gallery-image elementor-gallery-item__image\" data-thumbnail=\"https:\/\/www.gygv.hu\/files\/kepek_-008-300x225.jpg\" data-width=\"300\" data-height=\"225\" aria-label=\"\" role=\"img\" ><\/div>\n\t\t\t\t\t\t\t\t\t\t\t<div class=\"elementor-gallery-item__overlay\"><\/div>\n\t\t\t\t\t\t\t\t\t\t\t\t\t\t<\/a>\n\t\t\t\t\t\t\t<a class=\"e-gallery-item elementor-gallery-item elementor-animated-content\" href=\"https:\/\/www.gygv.hu\/files\/kepek_-007-scaled.jpg\" data-elementor-open-lightbox=\"yes\" data-elementor-lightbox-slideshow=\"86f2eae\" data-elementor-lightbox-title=\"kepek_ 007\" data-e-action-hash=\"#elementor-action%3Aaction%3Dlightbox%26settings%3DeyJpZCI6NDM2LCJ1cmwiOiJodHRwczpcL1wvd3d3Lmd5Z3YuaHVcL2ZpbGVzXC9rZXBla18tMDA3LXNjYWxlZC5qcGciLCJzbGlkZXNob3ciOiI4NmYyZWFlIn0%3D\">\n\t\t\t\t\t<div class=\"e-gallery-image elementor-gallery-item__image\" data-thumbnail=\"https:\/\/www.gygv.hu\/files\/kepek_-007-300x225.jpg\" data-width=\"300\" data-height=\"225\" aria-label=\"\" role=\"img\" ><\/div>\n\t\t\t\t\t\t\t\t\t\t\t<div class=\"elementor-gallery-item__overlay\"><\/div>\n\t\t\t\t\t\t\t\t\t\t\t\t\t\t<\/a>\n\t\t\t\t\t\t\t<a class=\"e-gallery-item elementor-gallery-item elementor-animated-content\" href=\"https:\/\/www.gygv.hu\/files\/kepek_-009-scaled.jpg\" data-elementor-open-lightbox=\"yes\" data-elementor-lightbox-slideshow=\"86f2eae\" data-elementor-lightbox-title=\"kepek_ 009\" data-e-action-hash=\"#elementor-action%3Aaction%3Dlightbox%26settings%3DeyJpZCI6NDQyLCJ1cmwiOiJodHRwczpcL1wvd3d3Lmd5Z3YuaHVcL2ZpbGVzXC9rZXBla18tMDA5LXNjYWxlZC5qcGciLCJzbGlkZXNob3ciOiI4NmYyZWFlIn0%3D\">\n\t\t\t\t\t<div class=\"e-gallery-image elementor-gallery-item__image\" data-thumbnail=\"https:\/\/www.gygv.hu\/files\/kepek_-009-300x225.jpg\" data-width=\"300\" data-height=\"225\" aria-label=\"\" role=\"img\" ><\/div>\n\t\t\t\t\t\t\t\t\t\t\t<div class=\"elementor-gallery-item__overlay\"><\/div>\n\t\t\t\t\t\t\t\t\t\t\t\t\t\t<\/a>\n\t\t\t\t\t\t\t<a class=\"e-gallery-item elementor-gallery-item elementor-animated-content\" href=\"https:\/\/www.gygv.hu\/files\/kepek_-006-1-scaled.jpg\" data-elementor-open-lightbox=\"yes\" data-elementor-lightbox-slideshow=\"86f2eae\" data-elementor-lightbox-title=\"kepek_ 006\" data-e-action-hash=\"#elementor-action%3Aaction%3Dlightbox%26settings%3DeyJpZCI6NDMzLCJ1cmwiOiJodHRwczpcL1wvd3d3Lmd5Z3YuaHVcL2ZpbGVzXC9rZXBla18tMDA2LTEtc2NhbGVkLmpwZyIsInNsaWRlc2hvdyI6Ijg2ZjJlYWUifQ%3D%3D\">\n\t\t\t\t\t<div class=\"e-gallery-image elementor-gallery-item__image\" data-thumbnail=\"https:\/\/www.gygv.hu\/files\/kepek_-006-1-300x225.jpg\" data-width=\"300\" data-height=\"225\" aria-label=\"\" role=\"img\" ><\/div>\n\t\t\t\t\t\t\t\t\t\t\t<div class=\"elementor-gallery-item__overlay\"><\/div>\n\t\t\t\t\t\t\t\t\t\t\t\t\t\t<\/a>\n\t\t\t\t\t\t\t<a class=\"e-gallery-item elementor-gallery-item elementor-animated-content\" href=\"https:\/\/www.gygv.hu\/files\/DSC00669.jpg\" data-elementor-open-lightbox=\"yes\" data-elementor-lightbox-slideshow=\"86f2eae\" data-elementor-lightbox-title=\"DSC00669\" data-e-action-hash=\"#elementor-action%3Aaction%3Dlightbox%26settings%3DeyJpZCI6NDMwLCJ1cmwiOiJodHRwczpcL1wvd3d3Lmd5Z3YuaHVcL2ZpbGVzXC9EU0MwMDY2OS5qcGciLCJzbGlkZXNob3ciOiI4NmYyZWFlIn0%3D\">\n\t\t\t\t\t<div class=\"e-gallery-image elementor-gallery-item__image\" data-thumbnail=\"https:\/\/www.gygv.hu\/files\/DSC00669-300x225.jpg\" data-width=\"300\" data-height=\"225\" aria-label=\"\" role=\"img\" ><\/div>\n\t\t\t\t\t\t\t\t\t\t\t<div class=\"elementor-gallery-item__overlay\"><\/div>\n\t\t\t\t\t\t\t\t\t\t\t\t\t\t<\/a>\n\t\t\t\t\t\t\t<a class=\"e-gallery-item elementor-gallery-item elementor-animated-content\" href=\"https:\/\/www.gygv.hu\/files\/DSC00668.jpg\" data-elementor-open-lightbox=\"yes\" data-elementor-lightbox-slideshow=\"86f2eae\" data-elementor-lightbox-title=\"DSC00668\" data-e-action-hash=\"#elementor-action%3Aaction%3Dlightbox%26settings%3DeyJpZCI6NDI3LCJ1cmwiOiJodHRwczpcL1wvd3d3Lmd5Z3YuaHVcL2ZpbGVzXC9EU0MwMDY2OC5qcGciLCJzbGlkZXNob3ciOiI4NmYyZWFlIn0%3D\">\n\t\t\t\t\t<div class=\"e-gallery-image elementor-gallery-item__image\" data-thumbnail=\"https:\/\/www.gygv.hu\/files\/DSC00668-300x225.jpg\" data-width=\"300\" data-height=\"225\" aria-label=\"\" role=\"img\" ><\/div>\n\t\t\t\t\t\t\t\t\t\t\t<div class=\"elementor-gallery-item__overlay\"><\/div>\n\t\t\t\t\t\t\t\t\t\t\t\t\t\t<\/a>\n\t\t\t\t\t\t\t<a class=\"e-gallery-item elementor-gallery-item elementor-animated-content\" href=\"https:\/\/www.gygv.hu\/files\/DSC00667.jpg\" data-elementor-open-lightbox=\"yes\" data-elementor-lightbox-slideshow=\"86f2eae\" data-elementor-lightbox-title=\"DSC00667\" data-e-action-hash=\"#elementor-action%3Aaction%3Dlightbox%26settings%3DeyJpZCI6NDI0LCJ1cmwiOiJodHRwczpcL1wvd3d3Lmd5Z3YuaHVcL2ZpbGVzXC9EU0MwMDY2Ny5qcGciLCJzbGlkZXNob3ciOiI4NmYyZWFlIn0%3D\">\n\t\t\t\t\t<div class=\"e-gallery-image elementor-gallery-item__image\" data-thumbnail=\"https:\/\/www.gygv.hu\/files\/DSC00667-300x225.jpg\" data-width=\"300\" data-height=\"225\" aria-label=\"\" role=\"img\" ><\/div>\n\t\t\t\t\t\t\t\t\t\t\t<div class=\"elementor-gallery-item__overlay\"><\/div>\n\t\t\t\t\t\t\t\t\t\t\t\t\t\t<\/a>\n\t\t\t\t\t\t\t<a class=\"e-gallery-item elementor-gallery-item elementor-animated-content\" href=\"https:\/\/www.gygv.hu\/files\/451238.jpg\" data-elementor-open-lightbox=\"yes\" data-elementor-lightbox-slideshow=\"86f2eae\" data-elementor-lightbox-title=\"451238\" data-e-action-hash=\"#elementor-action%3Aaction%3Dlightbox%26settings%3DeyJpZCI6NDIxLCJ1cmwiOiJodHRwczpcL1wvd3d3Lmd5Z3YuaHVcL2ZpbGVzXC80NTEyMzguanBnIiwic2xpZGVzaG93IjoiODZmMmVhZSJ9\">\n\t\t\t\t\t<div class=\"e-gallery-image elementor-gallery-item__image\" data-thumbnail=\"https:\/\/www.gygv.hu\/files\/451238-300x225.jpg\" data-width=\"300\" data-height=\"225\" aria-label=\"\" role=\"img\" ><\/div>\n\t\t\t\t\t\t\t\t\t\t\t<div class=\"elementor-gallery-item__overlay\"><\/div>\n\t\t\t\t\t\t\t\t\t\t\t\t\t\t<\/a>\n\t\t\t\t\t<\/div>\n\t\t\t\t\t<\/div>\n\t\t\t\t<\/div>\n\t\t\t\t<\/div>\n\t\t<div class=\"elementor-element elementor-element-d6ebe13 e-con-full e-flex e-con e-child\" data-id=\"d6ebe13\" data-element_type=\"container\" data-e-type=\"container\">\n\t\t\t\t<div class=\"elementor-element elementor-element-57554d3 elementor-widget elementor-widget-heading\" data-id=\"57554d3\" data-element_type=\"widget\" data-e-type=\"widget\" data-widget_type=\"heading.default\">\n\t\t\t\t<div class=\"elementor-widget-container\">\n\t\t\t\t\t<h3 class=\"elementor-heading-title elementor-size-default\">Our latest news<\/h3>\t\t\t\t<\/div>\n\t\t\t\t<\/div>\n\t\t\t\t<div class=\"elementor-element elementor-element-1f53d73 elementor-grid-1 elementor-posts--thumbnail-left elementor-grid-tablet-2 elementor-grid-mobile-1 elementor-widget elementor-widget-posts\" data-id=\"1f53d73\" data-element_type=\"widget\" data-e-type=\"widget\" data-settings=\"{&quot;classic_columns&quot;:&quot;1&quot;,&quot;classic_columns_tablet&quot;:&quot;2&quot;,&quot;classic_columns_mobile&quot;:&quot;1&quot;,&quot;classic_row_gap&quot;:{&quot;unit&quot;:&quot;px&quot;,&quot;size&quot;:35,&quot;sizes&quot;:[]},&quot;classic_row_gap_tablet&quot;:{&quot;unit&quot;:&quot;px&quot;,&quot;size&quot;:&quot;&quot;,&quot;sizes&quot;:[]},&quot;classic_row_gap_mobile&quot;:{&quot;unit&quot;:&quot;px&quot;,&quot;size&quot;:&quot;&quot;,&quot;sizes&quot;:[]}}\" data-no-translation=\"\" data-widget_type=\"posts.classic\">\n\t\t\t\t<div class=\"elementor-widget-container\">\n\t\t\t\t\t<style>.elementor-element-1f53d73{display:none !important}<\/style>\t\t\t\t<\/div>\n\t\t\t\t<\/div>\n\t\t\t\t<div class=\"elementor-element elementor-element-7744ae7 elementor-grid-1 elementor-posts--thumbnail-left elementor-grid-tablet-2 elementor-grid-mobile-1 elementor-widget elementor-widget-posts\" data-id=\"7744ae7\" data-element_type=\"widget\" data-e-type=\"widget\" data-settings=\"{&quot;classic_columns&quot;:&quot;1&quot;,&quot;classic_columns_tablet&quot;:&quot;2&quot;,&quot;classic_columns_mobile&quot;:&quot;1&quot;,&quot;classic_row_gap&quot;:{&quot;unit&quot;:&quot;px&quot;,&quot;size&quot;:35,&quot;sizes&quot;:[]},&quot;classic_row_gap_tablet&quot;:{&quot;unit&quot;:&quot;px&quot;,&quot;size&quot;:&quot;&quot;,&quot;sizes&quot;:[]},&quot;classic_row_gap_mobile&quot;:{&quot;unit&quot;:&quot;px&quot;,&quot;size&quot;:&quot;&quot;,&quot;sizes&quot;:[]}}\" data-no-translation=\"\" data-widget_type=\"posts.classic\">\n\t\t\t\t<div class=\"elementor-widget-container\">\n\t\t\t\t\t\t\t<div class=\"elementor-posts-container elementor-posts elementor-posts--skin-classic elementor-grid\" role=\"list\">\n\t\t\t\t<article class=\"elementor-post elementor-grid-item post-1284 post type-post status-publish format-standard has-post-thumbnail hentry category-chemical-industry category-english category-food-industry category-pharmaceutical-industry\" role=\"listitem\">\n\t\t\t\t<a class=\"elementor-post__thumbnail__link\" href=\"https:\/\/www.gygv.hu\/en\/stainless-steel-sand-filter-tanks-hygienic-and-scalable-solutions-for-industrial-water-treatment\/\" tabindex=\"-1\" >\n\t\t\t<div class=\"elementor-post__thumbnail\"><img fetchpriority=\"high\" decoding=\"async\" width=\"300\" height=\"191\" src=\"https:\/\/www.gygv.hu\/files\/DSCF4800-300x191.jpg\" class=\"attachment-medium size-medium wp-image-1271\" alt=\"\" srcset=\"https:\/\/www.gygv.hu\/files\/DSCF4800-300x191.jpg 300w, https:\/\/www.gygv.hu\/files\/DSCF4800-1024x650.jpg 1024w, https:\/\/www.gygv.hu\/files\/DSCF4800-768x488.jpg 768w, https:\/\/www.gygv.hu\/files\/DSCF4800-1536x976.jpg 1536w, https:\/\/www.gygv.hu\/files\/DSCF4800-2048x1301.jpg 2048w, https:\/\/www.gygv.hu\/files\/DSCF4800-18x12.jpg 18w\" sizes=\"(max-width: 300px) 100vw, 300px\" \/><\/div>\n\t\t<\/a>\n\t\t\t\t<div class=\"elementor-post__text\">\n\t\t\t\t<h3 class=\"elementor-post__title\">\n\t\t\t<a href=\"https:\/\/www.gygv.hu\/en\/stainless-steel-sand-filter-tanks-hygienic-and-scalable-solutions-for-industrial-water-treatment\/\" >\n\t\t\t\tStainless Steel Sand Filter Tanks \u2013 Hygienic and Scalable Solutions for Industrial Water Treatment\t\t\t<\/a>\n\t\t<\/h3>\n\t\t\t\t\t<div class=\"elementor-post__read-more-wrapper\">\n\t\t\n\t\t<a class=\"elementor-post__read-more\" href=\"https:\/\/www.gygv.hu\/en\/stainless-steel-sand-filter-tanks-hygienic-and-scalable-solutions-for-industrial-water-treatment\/\" aria-label=\"Read more about Stainless Steel Sand Filter Tanks \u2013 Hygienic and Scalable Solutions for Industrial Water Treatment\" tabindex=\"-1\" >\n\t\t\t\u00c9rdekel \u00bb\t\t<\/a>\n\n\t\t\t\t\t<\/div>\n\t\t\t\t<\/div>\n\t\t\t\t<\/article>\n\t\t\t\t<article class=\"elementor-post elementor-grid-item post-1264 post type-post status-publish format-standard has-post-thumbnail hentry category-chemical-industry category-english category-food-industry category-machine-manufacturing category-pharmaceutical-industry\" role=\"listitem\">\n\t\t\t\t<a class=\"elementor-post__thumbnail__link\" href=\"https:\/\/www.gygv.hu\/en\/comprehensive-industrial-solutions-from-design-to-final-product\/\" tabindex=\"-1\" >\n\t\t\t<div class=\"elementor-post__thumbnail\"><img decoding=\"async\" width=\"300\" height=\"200\" src=\"https:\/\/www.gygv.hu\/files\/Tervezes-es-muszaki-elokeszites-gygv-kanizsa-300x200.jpg\" class=\"attachment-medium size-medium wp-image-1055\" alt=\"\" srcset=\"https:\/\/www.gygv.hu\/files\/Tervezes-es-muszaki-elokeszites-gygv-kanizsa-300x200.jpg 300w, https:\/\/www.gygv.hu\/files\/Tervezes-es-muszaki-elokeszites-gygv-kanizsa-1024x683.jpg 1024w, https:\/\/www.gygv.hu\/files\/Tervezes-es-muszaki-elokeszites-gygv-kanizsa-768x512.jpg 768w, https:\/\/www.gygv.hu\/files\/Tervezes-es-muszaki-elokeszites-gygv-kanizsa-18x12.jpg 18w, https:\/\/www.gygv.hu\/files\/elementor\/thumbs\/Tervezes-es-muszaki-elokeszites-gygv-kanizsa-qediej3d8sob6asqrz7zvt8xgtu40vwaoczxh4bee8.jpg 600w, https:\/\/www.gygv.hu\/files\/Tervezes-es-muszaki-elokeszites-gygv-kanizsa.jpg 1500w\" sizes=\"(max-width: 300px) 100vw, 300px\" \/><\/div>\n\t\t<\/a>\n\t\t\t\t<div class=\"elementor-post__text\">\n\t\t\t\t<h3 class=\"elementor-post__title\">\n\t\t\t<a href=\"https:\/\/www.gygv.hu\/en\/comprehensive-industrial-solutions-from-design-to-final-product\/\" >\n\t\t\t\tComprehensive Industrial Solutions \u2013 From Design to Final Product\t\t\t<\/a>\n\t\t<\/h3>\n\t\t\t\t\t<div class=\"elementor-post__read-more-wrapper\">\n\t\t\n\t\t<a class=\"elementor-post__read-more\" href=\"https:\/\/www.gygv.hu\/en\/comprehensive-industrial-solutions-from-design-to-final-product\/\" aria-label=\"Read more about Comprehensive Industrial Solutions \u2013 From Design to Final Product\" tabindex=\"-1\" >\n\t\t\t\u00c9rdekel \u00bb\t\t<\/a>\n\n\t\t\t\t\t<\/div>\n\t\t\t\t<\/div>\n\t\t\t\t<\/article>\n\t\t\t\t<article class=\"elementor-post elementor-grid-item post-1255 post type-post status-publish format-standard has-post-thumbnail hentry category-chemical-industry category-english category-food-industry category-machine-manufacturing category-pharmaceutical-industry category-technology\" role=\"listitem\">\n\t\t\t\t<a class=\"elementor-post__thumbnail__link\" href=\"https:\/\/www.gygv.hu\/en\/stainless-steel-manifold-production-with-neck-forming-precise-and-seamless-solutions-at-gygv-kanizsarozsdamentes-manifoldok-gyartasa-nyakkihuzassal-preciz-es-anyagfolytonos-megolda\/\" tabindex=\"-1\" >\n\t\t\t<div class=\"elementor-post__thumbnail\"><img decoding=\"async\" width=\"300\" height=\"225\" src=\"https:\/\/www.gygv.hu\/files\/colaring3-300x225.jpg\" class=\"attachment-medium size-medium wp-image-340\" alt=\"\" srcset=\"https:\/\/www.gygv.hu\/files\/colaring3-300x225.jpg 300w, https:\/\/www.gygv.hu\/files\/colaring3-768x576.jpg 768w, https:\/\/www.gygv.hu\/files\/colaring3.jpg 960w\" sizes=\"(max-width: 300px) 100vw, 300px\" \/><\/div>\n\t\t<\/a>\n\t\t\t\t<div class=\"elementor-post__text\">\n\t\t\t\t<h3 class=\"elementor-post__title\">\n\t\t\t<a href=\"https:\/\/www.gygv.hu\/en\/stainless-steel-manifold-production-with-neck-forming-precise-and-seamless-solutions-at-gygv-kanizsarozsdamentes-manifoldok-gyartasa-nyakkihuzassal-preciz-es-anyagfolytonos-megolda\/\" >\n\t\t\t\tStainless Steel Manifold Production with Neck Forming \u2013 Precise and Seamless Solutions at GYGV Kanizsa\t\t\t<\/a>\n\t\t<\/h3>\n\t\t\t\t\t<div class=\"elementor-post__read-more-wrapper\">\n\t\t\n\t\t<a class=\"elementor-post__read-more\" href=\"https:\/\/www.gygv.hu\/en\/stainless-steel-manifold-production-with-neck-forming-precise-and-seamless-solutions-at-gygv-kanizsarozsdamentes-manifoldok-gyartasa-nyakkihuzassal-preciz-es-anyagfolytonos-megolda\/\" aria-label=\"Read more about Stainless Steel Manifold Production with Neck Forming \u2013 Precise and Seamless Solutions at GYGV Kanizsa\" tabindex=\"-1\" >\n\t\t\t\u00c9rdekel \u00bb\t\t<\/a>\n\n\t\t\t\t\t<\/div>\n\t\t\t\t<\/div>\n\t\t\t\t<\/article>\n\t\t\t\t<\/div>\n\t\t\n\t\t\t\t\t\t<\/div>\n\t\t\t\t<\/div>\n\t\t\t\t<\/div>\n\t\t\t\t\t<\/div>\n\t\t\t\t<\/div>\n\t\t<div class=\"elementor-element elementor-element-70cffe0 e-flex e-con-boxed e-con e-parent\" data-id=\"70cffe0\" data-element_type=\"container\" data-e-type=\"container\">\n\t\t\t\t\t<div class=\"e-con-inner\">\n\t\t\t\t<div class=\"elementor-element elementor-element-d6953e3 elementor-cta--skin-classic elementor-animated-content elementor-bg-transform elementor-bg-transform-zoom-in elementor-widget elementor-widget-call-to-action\" data-id=\"d6953e3\" data-element_type=\"widget\" data-e-type=\"widget\" data-widget_type=\"call-to-action.default\">\n\t\t\t\t<div class=\"elementor-widget-container\">\n\t\t\t\t\t\t\t<div class=\"elementor-cta\">\n\t\t\t\t\t<div class=\"elementor-cta__bg-wrapper\">\n\t\t\t\t<div class=\"elementor-cta__bg elementor-bg\" style=\"background-image: url(https:\/\/www.gygv.hu\/files\/gygv_kanizsa_ajanlatkeres_hatter-1024x288.png);\" role=\"img\" aria-label=\"gygv_kanizsa_ajanlatkeres_hatter\"><\/div>\n\t\t\t\t<div class=\"elementor-cta__bg-overlay\"><\/div>\n\t\t\t<\/div>\n\t\t\t\t\t\t\t<div class=\"elementor-cta__content\">\n\t\t\t\t\n\t\t\t\t\t\t\t\t\t<h2 class=\"elementor-cta__title elementor-cta__content-item elementor-content-item\">\n\t\t\t\t\t\tContact us!\t\t\t\t\t<\/h2>\n\t\t\t\t\n\t\t\t\t\t\t\t\t\t<div class=\"elementor-cta__description elementor-cta__content-item elementor-content-item\">\n\t\t\t\t\t\tSend us your request and we will get in touch with you!\t\t\t\t\t<\/div>\n\t\t\t\t\n\t\t\t\t\t\t\t\t\t<div class=\"elementor-cta__button-wrapper elementor-cta__content-item elementor-content-item\">\n\t\t\t\t\t<a class=\"elementor-cta__button elementor-button elementor-size-\">\n\t\t\t\t\t\tRequest an offer\t\t\t\t\t<\/a>\n\t\t\t\t\t<\/div>\n\t\t\t\t\t\t\t<\/div>\n\t\t\t\t\t\t<\/div>\n\t\t\t\t\t\t<\/div>\n\t\t\t\t<\/div>\n\t\t\t\t\t<\/div>\n\t\t\t\t<\/div>\n\t\t\t\t<\/div>","protected":false},"excerpt":{"rendered":"<p>Gy\u00f3gyszeripar Vissza a tev\u00e9kenys\u00e9gekhez Gy\u00f3gyszeripari megrendel\u0151ink sz\u00e1m\u00e1ra k\u00e9sz\u00edtett alkatr\u00e9szeink, berendez\u00e9seink nagy szak\u00e9rtelemmel, leg\u00fajabb technol\u00f3giai eszk\u00f6zeink seg\u00edts\u00e9g\u00e9vel k\u00e9sz\u00fclnek. T\u00f6bbek k\u00f6z\u00f6tt sz\u00e9les k\u00f6rben haszn\u00e1ljuk e ter\u00fcleten az<\/p>","protected":false},"author":2,"featured_media":837,"parent":6,"menu_order":0,"comment_status":"closed","ping_status":"closed","template":"elementor_header_footer","meta":{"footnotes":""},"class_list":["post-420","page","type-page","status-publish","has-post-thumbnail","hentry"],"_links":{"self":[{"href":"https:\/\/www.gygv.hu\/en\/wp-json\/wp\/v2\/pages\/420","targetHints":{"allow":["GET"]}}],"collection":[{"href":"https:\/\/www.gygv.hu\/en\/wp-json\/wp\/v2\/pages"}],"about":[{"href":"https:\/\/www.gygv.hu\/en\/wp-json\/wp\/v2\/types\/page"}],"author":[{"embeddable":true,"href":"https:\/\/www.gygv.hu\/en\/wp-json\/wp\/v2\/users\/2"}],"replies":[{"embeddable":true,"href":"https:\/\/www.gygv.hu\/en\/wp-json\/wp\/v2\/comments?post=420"}],"version-history":[{"count":0,"href":"https:\/\/www.gygv.hu\/en\/wp-json\/wp\/v2\/pages\/420\/revisions"}],"up":[{"embeddable":true,"href":"https:\/\/www.gygv.hu\/en\/wp-json\/wp\/v2\/pages\/6"}],"wp:featuredmedia":[{"embeddable":true,"href":"https:\/\/www.gygv.hu\/en\/wp-json\/wp\/v2\/media\/837"}],"wp:attachment":[{"href":"https:\/\/www.gygv.hu\/en\/wp-json\/wp\/v2\/media?parent=420"}],"curies":[{"name":"wp","href":"https:\/\/api.w.org\/{rel}","templated":true}]}}