{"id":287,"date":"2019-02-08T09:06:13","date_gmt":"2019-02-08T09:06:13","guid":{"rendered":"http:\/\/www.gygv.hu\/?page_id=287"},"modified":"2019-12-02T07:46:29","modified_gmt":"2019-12-02T07:46:29","slug":"water-well-and-wellhead-for-mineral-water","status":"publish","type":"page","link":"https:\/\/www.gygv.hu\/en\/water-well-and-wellhead-for-mineral-water\/","title":{"rendered":"Water well and wellhead for Mineral water"},"content":{"rendered":"<p>GYGV has an experience of almost 20 years in production by stainless steel equipment for mineral water. Our company are able to design, manufacturer and install process pipe and special equipments for Well and wellhead.<\/p>\n<p>2002 K\u00e9k\u00fat<br \/>\n2003 Kereki<br \/>\n2009-2010 Zalaszentgr\u00f3t ( Naturaqua )<br \/>\n2012 Zalaszentgr\u00f3t ( Naturaqua )<br \/>\n2015-2016 Edelstal ( R\u00f6merquelle )<br \/>\n2015-2016 Edelstal ( Bonaqua )<br \/>\n2019 Edelstal (R\u00f6merquelle )<\/p>\n<p>[nggallery id=32]<\/p>\n","protected":false},"excerpt":{"rendered":"<p>GYGV has an experience of almost 20 years in production by stainless steel equipment for mineral water. Our company are able to design, manufacturer and install process pipe and special equipments for Well and wellhead. 2002 K\u00e9k\u00fat 2003 Kereki 2009-2010 Zalaszentgr\u00f3t ( Naturaqua ) 2012 Zalaszentgr\u00f3t ( Naturaqua ) 2015-2016 Edelstal ( R\u00f6merquelle ) 2015-2016 &#8230; <a title=\"Water well and wellhead for Mineral water\" class=\"read-more\" href=\"https:\/\/www.gygv.hu\/en\/water-well-and-wellhead-for-mineral-water\/\" aria-label=\"Read more about Water well and wellhead for Mineral water\">Read more<\/a><\/p>","protected":false},"author":2,"featured_media":277,"parent":0,"menu_order":2,"comment_status":"closed","ping_status":"closed","template":"","meta":{"footnotes":""},"class_list":["post-287","page","type-page","status-publish","has-post-thumbnail"],"_links":{"self":[{"href":"https:\/\/www.gygv.hu\/en\/wp-json\/wp\/v2\/pages\/287","targetHints":{"allow":["GET"]}}],"collection":[{"href":"https:\/\/www.gygv.hu\/en\/wp-json\/wp\/v2\/pages"}],"about":[{"href":"https:\/\/www.gygv.hu\/en\/wp-json\/wp\/v2\/types\/page"}],"author":[{"embeddable":true,"href":"https:\/\/www.gygv.hu\/en\/wp-json\/wp\/v2\/users\/2"}],"replies":[{"embeddable":true,"href":"https:\/\/www.gygv.hu\/en\/wp-json\/wp\/v2\/comments?post=287"}],"version-history":[{"count":0,"href":"https:\/\/www.gygv.hu\/en\/wp-json\/wp\/v2\/pages\/287\/revisions"}],"wp:featuredmedia":[{"embeddable":true,"href":"https:\/\/www.gygv.hu\/en\/wp-json\/wp\/v2\/media\/277"}],"wp:attachment":[{"href":"https:\/\/www.gygv.hu\/en\/wp-json\/wp\/v2\/media?parent=287"}],"curies":[{"name":"wp","href":"https:\/\/api.w.org\/{rel}","templated":true}]}}