{"id":251,"date":"2018-11-08T14:13:15","date_gmt":"2018-11-08T14:13:15","guid":{"rendered":"http:\/\/www.gygv.hu\/?page_id=251"},"modified":"2018-11-08T14:16:17","modified_gmt":"2018-11-08T14:16:17","slug":"kapacitasbovito-beruhazas","status":"publish","type":"page","link":"https:\/\/www.gygv.hu\/en\/kapacitasbovito-beruhazas\/","title":{"rendered":"Kapacit\u00e1sb\u0151v\u00edt\u0151 beruh\u00e1z\u00e1s"},"content":{"rendered":"<h2><strong>Kedvezm\u00e9nyezett neve:<\/strong><\/h2>\n<p>GYGV KANIZSA Technol\u00f3giai G\u00e9p \u00e9s Cs\u0151szerel\u0151 Korl\u00e1tolt Felel\u0151ss\u00e9g\u0171 T\u00e1rsas\u00e1g<\/p>\n<h2><strong>Projekt c\u00edme:<\/strong><\/h2>\n<p>Kapacit\u00e1sb\u0151v\u00edt\u0151 beruh\u00e1z\u00e1s a GYGV KANIZSA Kft-n\u00e9l<\/p>\n<p><strong>Vissza nem t\u00e9r\u00edtend\u0151 t\u00e1mogat\u00e1s \u00f6sszege:<\/strong> 39\u00a0495 870 Ft<\/p>\n<p><strong>Vissza nem t\u00e9r\u00edtend\u0151 t\u00e1mogat\u00e1s m\u00e9rt\u00e9ke:<\/strong> 45%<\/p>\n<h2>Projekt tartalma:<\/h2>\n<p>A beruh\u00e1z\u00e1s keret\u00e9ben v\u00e1llalkoz\u00e1sunk egy CNC plazmav\u00e1g\u00f3 berendez\u00e9st v\u00e1s\u00e1rolt. A fejleszt\u00e9s jav\u00edtja a Kft. technol\u00f3giai felk\u00e9sz\u00fclts\u00e9g\u00e9t \u00e9s a termel\u00e9s hat\u00e9konys\u00e1g\u00e1t. A p\u00e1ly\u00e1zati projekt megval\u00f3s\u00edt\u00e1s\u00e1val korszer\u0171bb technol\u00f3gi\u00e1t vezett\u00fcnk be, az \u00faj g\u00e9p nagyobb megmunk\u00e1l\u00e1si lehet\u0151s\u00e9get biztos\u00edt, illetve fejlettebb, 3 dimenzi\u00f3s technol\u00f3gi\u00e1t k\u00e9pvisel.<\/p>\n<p><strong>A projekt befejez\u00e9si d\u00e1tuma:<\/strong> 2018-11-06<\/p>\n<p><strong>A projekt azonos\u00edt\u00f3 sz\u00e1ma:<\/strong> GINOP-1.2.1-16-2017-00827<\/p>\n<p>A p\u00e1ly\u00e1zatot a P&amp;P EU- Tender Kft. k\u00e9sz\u00edtette. Tov\u00e1bbi inform\u00e1ci\u00f3: <a href=\"http:\/\/www.palyazatokirasa.hu\/\" target=\"_blank\" rel=\"noopener\">http:\/\/www.palyazatokirasa.hu\/<\/a><\/p>","protected":false},"excerpt":{"rendered":"<p> a GYGV KANIZSA Kft-n\u00e9l<\/p>","protected":false},"author":3,"featured_media":0,"parent":0,"menu_order":0,"comment_status":"closed","ping_status":"closed","template":"","meta":{"footnotes":""},"class_list":["post-251","page","type-page","status-publish"],"_links":{"self":[{"href":"https:\/\/www.gygv.hu\/en\/wp-json\/wp\/v2\/pages\/251","targetHints":{"allow":["GET"]}}],"collection":[{"href":"https:\/\/www.gygv.hu\/en\/wp-json\/wp\/v2\/pages"}],"about":[{"href":"https:\/\/www.gygv.hu\/en\/wp-json\/wp\/v2\/types\/page"}],"author":[{"embeddable":true,"href":"https:\/\/www.gygv.hu\/en\/wp-json\/wp\/v2\/users\/3"}],"replies":[{"embeddable":true,"href":"https:\/\/www.gygv.hu\/en\/wp-json\/wp\/v2\/comments?post=251"}],"version-history":[{"count":0,"href":"https:\/\/www.gygv.hu\/en\/wp-json\/wp\/v2\/pages\/251\/revisions"}],"wp:attachment":[{"href":"https:\/\/www.gygv.hu\/en\/wp-json\/wp\/v2\/media?parent=251"}],"curies":[{"name":"wp","href":"https:\/\/api.w.org\/{rel}","templated":true}]}}