{"id":128,"date":"2016-09-12T12:17:32","date_gmt":"2016-09-12T12:17:32","guid":{"rendered":"http:\/\/teszt.gygv.hu\/de\/?page_id=128"},"modified":"2020-07-29T15:28:48","modified_gmt":"2020-07-29T15:28:48","slug":"dienstleistungen","status":"publish","type":"page","link":"https:\/\/www.gygv.hu\/en\/dienstleistungen\/","title":{"rendered":"Dienstleistungen"},"content":{"rendered":"<h3>Design<\/h3>\n<p>Unsere Ingenieure entwickeln und konstruieren flexibel nach ihren Vorgaben individuelle L\u00f6sungen f\u00fcr ihre Anforderung mit der neuesten 3D-CAD Software.<\/p>\n<p>[nggallery id=18]<\/p>\n<h3>Rostfreie Oberfl\u00e4chenbehandlung, Glasperlenstrahlen, Beizen, Passivierung, Elektropolieren<\/h3>\n<h3>[nggallery id=39]<\/h3>\n<h3>Installation vor Ort, Inbetriebsetzung<\/h3>\n<p>Die von uns angefertigten Einrichtungen werden auf Wunsch unserer Besteller geliefert, am Ort eingemontiert und in Betrieb gesetzt.<\/p>\n<h3>[nggallery id=40]<\/h3>\n<h3>CNC-Drehen und Fr\u00e4sen,<\/h3>\n<p>Edelstahldrehteile geh\u00f6ren zu unserem Spezialgebiet. Egal ob sie f\u00fcr Armaturen, Anlagenbau, Me\u00df- und Regeltechnik, Hydraulik oder Pneumatik ben\u00f6tigt werden, auf unsere Edelstahldrehteile k\u00f6nnen sich unsere Kunden immer verlassen. Wir fertigen mit hochwertigen Materialien.<br \/>\n[nggallery id=41]<\/p>\n<p>&nbsp;<\/p>\n","protected":false},"excerpt":{"rendered":"<p>Tervez\u00e9s, rozsdamentes fel\u00fcletkezel\u00e9s, helysz\u00edni telep\u00edt\u00e9s, be\u00fczemel\u00e9s<\/p>","protected":false},"author":3,"featured_media":0,"parent":0,"menu_order":10,"comment_status":"closed","ping_status":"closed","template":"","meta":{"footnotes":""},"class_list":["post-128","page","type-page","status-publish"],"_links":{"self":[{"href":"https:\/\/www.gygv.hu\/en\/wp-json\/wp\/v2\/pages\/128","targetHints":{"allow":["GET"]}}],"collection":[{"href":"https:\/\/www.gygv.hu\/en\/wp-json\/wp\/v2\/pages"}],"about":[{"href":"https:\/\/www.gygv.hu\/en\/wp-json\/wp\/v2\/types\/page"}],"author":[{"embeddable":true,"href":"https:\/\/www.gygv.hu\/en\/wp-json\/wp\/v2\/users\/3"}],"replies":[{"embeddable":true,"href":"https:\/\/www.gygv.hu\/en\/wp-json\/wp\/v2\/comments?post=128"}],"version-history":[{"count":0,"href":"https:\/\/www.gygv.hu\/en\/wp-json\/wp\/v2\/pages\/128\/revisions"}],"wp:attachment":[{"href":"https:\/\/www.gygv.hu\/en\/wp-json\/wp\/v2\/media?parent=128"}],"curies":[{"name":"wp","href":"https:\/\/api.w.org\/{rel}","templated":true}]}}